{"id":20186,"date":"2021-10-27T15:33:43","date_gmt":"2021-10-27T13:33:43","guid":{"rendered":"https:\/\/thermoglance.molluscobalena.eu\/?page_id=20186"},"modified":"2025-05-09T10:29:29","modified_gmt":"2025-05-09T08:29:29","slug":"di-noi","status":"publish","type":"page","link":"https:\/\/www.thermoglance.com\/de\/di-noi\/","title":{"rendered":"\u00dcber uns"},"content":{"rendered":"<div class=\"wpb-content-wrapper\"><p>[vc_row full_width=&#8221;stretch_row_content_no_spaces&#8221;][vc_column][vc_single_image image=&#8221;19738&#8243; img_size=&#8221;full&#8221;][\/vc_column][\/vc_row][vc_row css=&#8221;.vc_custom_1632911152716{margin-bottom: 60px !important;}&#8221; el_class=&#8221;dinoi&#8221;][vc_column css=&#8221;.vc_custom_1630050910156{padding-right: 100px !important;padding-left: 100px !important;}&#8221;][vc_empty_space height=&#8221;60px&#8221;][vc_custom_heading text=&#8221;Asola Vetro Srl&#8221; font_container=&#8221;tag:p|font_size:30px|text_align:left|color:%23504a4a|line_height:40px&#8221; use_theme_fonts=&#8221;yes&#8221; css=&#8221;.vc_custom_1634290430473{margin-top: 60px !important;margin-bottom: 10px !important;}&#8221;][vc_column_text]<span style=\"color: #202020; font-size: 18px;\">Wir sind ein historisches Unternehmen in der Lombardei, das seit 1968 mit Glas arbeitet. Unser Unternehmen ist f\u00fchrend in der Herstellung von technologischem Glas f\u00fcr die gewerbliche Tiefk\u00fchlindustrie. Wir bringen W\u00e4rme und K\u00e4lte zusammen und liefern weltweit Glas f\u00fcr leistungsstarke K\u00fchlm\u00f6bel.<\/span><br \/>\n<em><span style=\"color: #202020; font-size: 18px;\">Lesen Sie mehr \u00fcber Thermoglance <a style=\"text-decoration: underline;\" href=\"http:\/\/www.asolavetro.com\" target=\"_blank\" rel=\"noopener\">www.asolavetro.com<\/a><\/span><\/em>[\/vc_column_text][vc_custom_heading text=&#8221;Thermoglance&#8221; font_container=&#8221;tag:p|font_size:30px|text_align:left|color:%23504a4a|line_height:40px&#8221; use_theme_fonts=&#8221;yes&#8221; css=&#8221;.vc_custom_1634290435682{margin-top: 60px !important;margin-bottom: 10px !important;}&#8221;][vc_column_text]<span style=\"color: #202020; font-size: 18px;\">Die Idee eines transparenten Glasheizk\u00f6rpers ist mit dem Patent f\u00fcr ein revolution\u00e4res Glasfl\u00e4chenheizsystem entstanden.<\/span>[\/vc_column_text][vc_custom_heading text=&#8221;Uns geht es nicht um Trends&#8221; font_container=&#8221;tag:p|font_size:30px|text_align:left|color:%23504a4a|line_height:40px&#8221; use_theme_fonts=&#8221;yes&#8221; css=&#8221;.vc_custom_1635341684755{margin-top: 60px !important;margin-bottom: 10px !important;}&#8221;][vc_column_text]<span style=\"color: #202020; font-size: 18px;\">Wir haben einen sauberen und zeitlosen Heizk\u00f6rper entwickelt. Ein transparentes Glasrechteck wird nicht zum bestimmenden Element und passt immer zum Stil.<\/span>[\/vc_column_text][vc_custom_heading text=&#8221;Sicherheit liegt in unserer DNA&#8221; font_container=&#8221;tag:p|font_size:30px|text_align:left|color:%23504a4a|line_height:40px&#8221; use_theme_fonts=&#8221;yes&#8221; css=&#8221;.vc_custom_1635341704347{margin-top: 60px !important;margin-bottom: 10px !important;}&#8221;][vc_column_text]<span style=\"color: #202020; font-size: 18px;\">Die Arbeit mit Glas und Elektrizit\u00e4t erfordert von uns die Einhaltung sorgf\u00e4ltiger Sicherheitsvorschriften und f\u00fchrt zur Herstellung qualitativ hochwertiger Produkte.<br \/>\nThermoglance erf\u00fcllt alle Sicherheitsvorschriften.<br \/>\n<\/span>[\/vc_column_text][vc_custom_heading text=&#8221;Wir verkaufen zu einem angemessenen Preis&#8221; font_container=&#8221;tag:p|font_size:30px|text_align:left|color:%23504a4a|line_height:40px&#8221; use_theme_fonts=&#8221;yes&#8221; css=&#8221;.vc_custom_1746779362660{margin-top: 60px !important;margin-bottom: 10px !important;}&#8221; el_class=&#8221;nascosto&#8221;][vc_column_text css=&#8221;&#8221; el_class=&#8221;nascosto&#8221;]<span style=\"color: #202020; font-size: 18px;\">Thermoglance wird vollst\u00e4ndig in Italien hergestellt und ist ausschlie\u00dflich im E-Commerce des Unternehmens zu finden.<br \/>\n<\/span>[\/vc_column_text][\/vc_column][\/vc_row]<\/p>\n<\/div>","protected":false},"excerpt":{"rendered":"<p>[vc_row full_width=&#8221;stretch_row_content_no_spaces&#8221;][vc_column][vc_single_image image=&#8221;19738&#8243; img_size=&#8221;full&#8221;][\/vc_column][\/vc_row][vc_row css=&#8221;.vc_custom_1632911152716{margin-bottom: 60px !important;}&#8221; el_class=&#8221;dinoi&#8221;][vc_column css=&#8221;.vc_custom_1630050910156{padding-right: 100px !important;padding-left: 100px !important;}&#8221;][vc_empty_space height=&#8221;60px&#8221;][vc_custom_heading text=&#8221;Asola Vetro Srl&#8221; font_container=&#8221;tag:p|font_size:30px|text_align:left|color:%23504a4a|line_height:40px&#8221; use_theme_fonts=&#8221;yes&#8221; css=&#8221;.vc_custom_1634290430473{margin-top: 60px !important;margin-bottom: 10px !important;}&#8221;][vc_column_text]Wir sind ein historisches Unternehmen in der Lombardei, das seit 1968 mit Glas arbeitet. Unser Unternehmen ist f\u00fchrend in der Herstellung von technologischem Glas f\u00fcr die gewerbliche Tiefk\u00fchlindustrie. Wir bringen W\u00e4rme und [&hellip;]<\/p>\n","protected":false},"author":1,"featured_media":0,"parent":0,"menu_order":0,"comment_status":"closed","ping_status":"closed","template":"","meta":{"footnotes":""},"class_list":["post-20186","page","type-page","status-publish","hentry"],"_links":{"self":[{"href":"https:\/\/www.thermoglance.com\/de\/wp-json\/wp\/v2\/pages\/20186","targetHints":{"allow":["GET"]}}],"collection":[{"href":"https:\/\/www.thermoglance.com\/de\/wp-json\/wp\/v2\/pages"}],"about":[{"href":"https:\/\/www.thermoglance.com\/de\/wp-json\/wp\/v2\/types\/page"}],"author":[{"embeddable":true,"href":"https:\/\/www.thermoglance.com\/de\/wp-json\/wp\/v2\/users\/1"}],"replies":[{"embeddable":true,"href":"https:\/\/www.thermoglance.com\/de\/wp-json\/wp\/v2\/comments?post=20186"}],"version-history":[{"count":8,"href":"https:\/\/www.thermoglance.com\/de\/wp-json\/wp\/v2\/pages\/20186\/revisions"}],"predecessor-version":[{"id":20189,"href":"https:\/\/www.thermoglance.com\/de\/wp-json\/wp\/v2\/pages\/20186\/revisions\/20189"}],"wp:attachment":[{"href":"https:\/\/www.thermoglance.com\/de\/wp-json\/wp\/v2\/media?parent=20186"}],"curies":[{"name":"wp","href":"https:\/\/api.w.org\/{rel}","templated":true}]}}