{"id":20242,"date":"2021-10-27T17:09:07","date_gmt":"2021-10-27T15:09:07","guid":{"rendered":"https:\/\/thermoglance.molluscobalena.eu\/?page_id=20242"},"modified":"2021-10-28T09:17:25","modified_gmt":"2021-10-28T07:17:25","slug":"domande-frequenti","status":"publish","type":"page","link":"https:\/\/www.thermoglance.com\/de\/domande-frequenti\/","title":{"rendered":"H\u00e4ufige Fragen"},"content":{"rendered":"<div class=\"wpb-content-wrapper\"><p>[vc_row full_width=&#8221;stretch_row&#8221;][vc_column][vc_custom_heading text=&#8221;H\u00e4ufige Fragen&#8221; font_container=&#8221;tag:p|font_size:46px|text_align:left|color:%23202020|line_height:46px&#8221; use_theme_fonts=&#8221;yes&#8221; el_class=&#8221;titolointerno&#8221;][vc_toggle title=&#8221;Wie wird thermoglance hergestellt und wie funktioniert er?&#8221;]Thermoglance ist ein Elektroheizk\u00f6rper aus v\u00f6llig transparentem Glas, welcher durch W\u00e4rmestrahlung funktioniert.<\/p>\n<p>Er besteht aus zwei w\u00e4rmebehantelten und geschichteten Glasscheiben. Durch eine besondere Lasertechnologie bewirkt man einen transparenten Widerstand, welcher mittels Strom die erforderliche Betriebstemperatur erzeugt.<br \/>\nDas Ger\u00e4t pr\u00e4sentiert sich als unzerst\u00f6rbares, kompaktes und homogenes Element, ohne Fl\u00fcssigkeiten im Inneren, mit einem Kabel von 2 Metern und einem Schuko-Stecker f\u00fcr 220 V Anschluss.<br \/>\nEine Kontroll-Leuchte zeigt den Betrieb an und binnen 10\/15 Minuten erreicht der Heizk\u00f6rper bereits seine Betriebstemperatur. Im Gegensatz zu den herk\u00f6mmlichen Elektro\u00f6fen, deren Widerst\u00e4nde sehr hei\u00df werden, funktioniert Thermoglance bei relativ niederen Temperaturen von +\/- 75 \u00b0C. Daher ist die erzeugte W\u00e4rme sehr wohlig, ohne Ger\u00e4usche und Ger\u00fcche zu entwickeln.<br \/>\n[\/vc_toggle][vc_toggle title=&#8221;Welche raumgr\u00f6ssen k\u00f6nnen durch thermoglance geheizt werden?&#8221;]Der n\u00f6tige Energiebedarf, um das h\u00e4usliche Umfeld einzuheizen betr\u00e4gt zwischen 100 und 150 Watt\/m2&#8230;<\/p>\n<p>&#8230;Dieser Richtwert steht in Abh\u00e4ngigkeit der Raumh\u00f6he ( durchschnittlich 3 m) und des Isolationsstandards. Beispiel: Zimmer 3 x 3 Meter = 9 m2 x 100 Watt = 900 Watt von Energiebedarf In diesem Fall w\u00fcrde also Thermoglance 600 x 1500 zu 900 Watt ausreichen.<br \/>\nZur Ermittlung des objektspezifischen Bedarfs, empfiehlt sich der Beizug einer Fachperson.[\/vc_toggle][vc_toggle title=&#8221;Wie viel strom konsumiert man?&#8221;]Beispiel: die durchschnittlichen Stromkosten in Italien<\/p>\n<p>Beispiel: die durchschnittlichen Stromkosten in Italien verlaufen auf \u20ac\/ Kwh 0,20 x 900 Watt \/1000 = 0,18 Euro \/ Stunde. Thermoglance 600 x 1500 zu 900 Watt kostet 0,18 Euro pro Betriebstunde.<br \/>\n[\/vc_toggle][vc_toggle title=&#8221;Kann das ger\u00e4t im badezimmer in der n\u00e4he der dusche installiert werden?&#8221;]Thermoglance ist gerade im Badezimmer sehr n\u00fctzlich&#8230;<\/p>\n<p>&#8230;man muss dabei nur die Regeln des Mindestabstands zu Wasserquellen, Dusche oder Badewanne ber\u00fccksichtigen.[\/vc_toggle][vc_toggle title=&#8221;Kann w\u00e4sche oder handt\u00fccher direkt auf elektrische heizk\u00f6rper gelegt werden?&#8221;]Thermoglance verf\u00fcgt \u00fcber praktische Handtuchhalter, um eben Handt\u00fccher oder auch verschiedene Kleidungsst\u00fccke aufzuh\u00e4ngen.<\/p>\n<p>Kleidungen und Handt\u00fccher d\u00fcrfen nicht direkt auf elektrisch betriebene Heizk\u00f6rper gelegt werden bzw. diese damit gar abgedeckt werden, da so eine \u00dcberheizung verursacht wird, welche zu Sch\u00e4den an Textilien oder dem Ger\u00e4t selbst f\u00fchren kann.<br \/>\nF\u00fcr jeden Heizk\u00f6rper gilt: ACHTUNG: NICHT ZUDECKEN[\/vc_toggle][vc_toggle title=&#8221;Welche ist die erreichbare h\u00f6chsttemperatur?&#8221;]Bei Betrieb erreicht Thermoglance ungef\u00e4hr 75\u00b0 C.<\/p>\n<p>Auch wenn diese Temperatur hoch erscheinen kann, gilt es zu bedenken, dass Glas ein Isoliermaterial ist und nicht unmittelbar W\u00e4rme abgibt. Daher kann der Heizk\u00f6rper ohne Gefahr angefasst werden. Das Glas macht den Unterschied.[\/vc_toggle][vc_toggle title=&#8221;Werden elektromagnetische wellen erzeugt?&#8221;]Der Elektrokreislauf von Thermoglance erzeugt elektromagnetische Wellen&#8230;<\/p>\n<p>&#8230;die mit jedem anderem Haushaltsger\u00e4t, das Sie zu Hause haben, verglichen werden k\u00f6nnen.[\/vc_toggle][vc_toggle title=&#8221;Was passiert, wenn das glas zerbricht?&#8221;]Wenn das Glas zerbricht, bleibt es durch die beiden geschichteten Glasscheiben.<\/p>\n<p>&#8230;ohne Splitter und ohne die Gefahr eines Stromschlags, befestigt.[\/vc_toggle][vc_toggle title=&#8221;Handelt es sich um ein sicheres produkt?&#8221;]Thermoglance hat alle Tests bestanden und die Bescheinigung&#8230;<\/p>\n<p>&#8230;der wichtigsten Einrichtungen zur Sicherheitsauszeichnung des Produkts und vollst\u00e4ndigen \u00dcbereinstimmung mit der Rechtsgebung erhalten.[\/vc_toggle][vc_toggle title=&#8221;Wie alt kann das ger\u00e4t werden?&#8221;]Thermoglance verf\u00fcgt \u00fcber keinerlei bewegte Bestandteile, die sich mit der Zeit abn\u00fctzen und erfordert keine Wartung.<\/p>\n<p>Die niedere Betriebstemperatur verschafft dem Ger\u00e4t eine praktisch unbegrenzte Lebensdauer.[\/vc_toggle][vc_toggle title=&#8221;Ist die installation einfach?&#8221;]Thermoglance ist ein sogenanntes \u201ePlug &amp; Play\u2033 Ger\u00e4t, Es kann auf einfache Art an der Wand oder am Boden fixiert werden.<\/p>\n<p>. Nach der Installation k\u00f6nnen Sie es an einer gew\u00f6hnlichen Steckdose anschlie\u00dfen und schon ist es betriebsbereit.<br \/>\nJedem Heizk\u00f6rper wird ein Handbuch beigelegt, in verschieden Sprachen und mit verst\u00e4ndlicher Gebrauchsanweisung und Montageanleitung.[\/vc_toggle][vc_toggle title=&#8221;Warum ist thermoglance \u00f6konomisch ein vorteil?&#8221;]In den \u00dcbergangszeiten und wenn n\u00f6tig, kann man das Badezimmer in wenigen Minuten heizen, ohne dabei die zentrale Anlage in Gang zu setzen oder sich im Haus eine \u201eW\u00e4rmeinsel&#8221; zu schaffen.<\/p>\n<ul>\n<li>Im Vergleich zu einem traditionellen Heizsystem erm\u00f6glicht das Heizen durch Abstrahlung ein Energieersparnis, da man bei einer um 3\u00b0C niederer Temperatur das selbe W\u00e4rmegef\u00fchl (\u201agef\u00fchlte Temperatur\u2019) erzeugt.<\/li>\n<li>Jeder \u00b0C entspricht einem Konsum von 5 %, also hat man ein Ersparnis von rund 15%.<\/li>\n<li>Thermoglance hat eine Leistungsf\u00e4higkeit von ungef\u00e4hr 99 % und konsumiert daher nur so viel, wie f\u00fcr die gew\u00fcnschte Temperatur n\u00f6tig ist. Konventionelle Systeme erreichen keine 80%.<\/li>\n<li>Thermoglance ben\u00f6tigt weder Instandhaltung noch periodische Kontrollen.<\/li>\n<li>Es kann Energie durch erneuerbare Quellen, wie zum Beispiel Fotovoltaikpaneele, genutzt werden.<\/li>\n<li>Die Kosten einer Elektroanlage entsprechen ungef\u00e4hr einem Viertel einer hydraulischen Anlage.<\/li>\n<li>Wenn man all dies bedenkt, wird der reale Vorteil offensichtlich.<\/li>\n<\/ul>\n<p>[\/vc_toggle][\/vc_column][\/vc_row]<\/p>\n<\/div>","protected":false},"excerpt":{"rendered":"<p>[vc_row full_width=&#8221;stretch_row&#8221;][vc_column][vc_custom_heading text=&#8221;H\u00e4ufige Fragen&#8221; font_container=&#8221;tag:p|font_size:46px|text_align:left|color:%23202020|line_height:46px&#8221; use_theme_fonts=&#8221;yes&#8221; el_class=&#8221;titolointerno&#8221;][vc_toggle title=&#8221;Wie wird thermoglance hergestellt und wie funktioniert er?&#8221;]Thermoglance ist ein Elektroheizk\u00f6rper aus v\u00f6llig transparentem Glas, welcher durch W\u00e4rmestrahlung funktioniert. Er besteht aus zwei w\u00e4rmebehantelten und geschichteten Glasscheiben. Durch eine besondere Lasertechnologie bewirkt man einen transparenten Widerstand, welcher mittels Strom die erforderliche Betriebstemperatur erzeugt. Das Ger\u00e4t pr\u00e4sentiert sich als [&hellip;]<\/p>\n","protected":false},"author":1,"featured_media":0,"parent":0,"menu_order":0,"comment_status":"closed","ping_status":"closed","template":"","meta":{"footnotes":""},"class_list":["post-20242","page","type-page","status-publish","hentry"],"_links":{"self":[{"href":"https:\/\/www.thermoglance.com\/de\/wp-json\/wp\/v2\/pages\/20242","targetHints":{"allow":["GET"]}}],"collection":[{"href":"https:\/\/www.thermoglance.com\/de\/wp-json\/wp\/v2\/pages"}],"about":[{"href":"https:\/\/www.thermoglance.com\/de\/wp-json\/wp\/v2\/types\/page"}],"author":[{"embeddable":true,"href":"https:\/\/www.thermoglance.com\/de\/wp-json\/wp\/v2\/users\/1"}],"replies":[{"embeddable":true,"href":"https:\/\/www.thermoglance.com\/de\/wp-json\/wp\/v2\/comments?post=20242"}],"version-history":[{"count":4,"href":"https:\/\/www.thermoglance.com\/de\/wp-json\/wp\/v2\/pages\/20242\/revisions"}],"predecessor-version":[{"id":20288,"href":"https:\/\/www.thermoglance.com\/de\/wp-json\/wp\/v2\/pages\/20242\/revisions\/20288"}],"wp:attachment":[{"href":"https:\/\/www.thermoglance.com\/de\/wp-json\/wp\/v2\/media?parent=20242"}],"curies":[{"name":"wp","href":"https:\/\/api.w.org\/{rel}","templated":true}]}}