{"id":20256,"date":"2021-10-27T17:17:37","date_gmt":"2021-10-27T15:17:37","guid":{"rendered":"https:\/\/thermoglance.molluscobalena.eu\/?page_id=20256"},"modified":"2021-10-28T09:46:02","modified_gmt":"2021-10-28T07:46:02","slug":"garanzia","status":"publish","type":"page","link":"https:\/\/www.thermoglance.com\/de\/garanzia\/","title":{"rendered":"Garantie"},"content":{"rendered":"<div class=\"wpb-content-wrapper\"><p>[vc_row full_width=&#8221;stretch_row&#8221; css=&#8221;.vc_custom_1581385139807{margin-top: 15px !important;margin-bottom: 15px !important;}&#8221;][vc_column][vc_custom_heading text=&#8221;Garantie&#8221; font_container=&#8221;tag:p|font_size:46px|text_align:left|color:%23202020|line_height:46px&#8221; use_theme_fonts=&#8221;yes&#8221; el_class=&#8221;titolointerno&#8221;][vc_custom_heading text=&#8221;1. Dauer und Beginn der GARANTIE&#8221; font_container=&#8221;tag:p|font_size:28px|text_align:left|color:%23202020&#8243; use_theme_fonts=&#8221;yes&#8221; css=&#8221;.vc_custom_1635407009158{margin-bottom: 20px !important;}&#8221;][vc_column_text]Die GARANTIE hat eine G\u00fcltigkeit von 24 Monaten, welche ab dem Datum des Erwerbs von Seiten des Endverbrauchers (KAUFER) vom WIEDERVERK\u00c4UFER wirksam ist. Das Kaufdatum muss, im Fall eines Garantie-Anspruchs, durch ein g\u00fcltiges steuerliches Dokument bewiesen werden.<br \/>\nF\u00fcllen Sie innerhalb 15 Tage nach Erwerb beide Abschnitte A und B wie erw\u00fcnscht aus und senden Sie den Abschnitt B an den HERSTELLER. [\/vc_column_text][vc_custom_heading text=&#8221;2. Inhalt und Garantieumfang&#8221; font_container=&#8221;tag:p|font_size:28px|text_align:left|color:%23202020&#8243; use_theme_fonts=&#8221;yes&#8221; css=&#8221;.vc_custom_1635407031808{margin-bottom: 20px !important;}&#8221;][vc_column_text]W\u00e4hrend der GARANTIEFRIST werden die vom HERSTELLER anerkannten Fabrikfehler mittels Reparatur und\/oder Austausch der defekten Teile entfernt. In diesem Falle liegen zu Lasten des HERSTELLERS nur die Kosten der Ersatzteile; die Spesen und Transportrisiken, die Kosten der Arbeitskraft und die bez\u00fcglich der Abnahme und erneuten Installation des GER\u00c4TS liegen vollkommen zu Lasten des K\u00c4UFERS.<br \/>\nJeglicher eventueller Antrag an Schadensersatz des K\u00c4UFERS wird nur dann anerkannt, wenn eine objektive Verantwortung des HERSTELLERS bewiesen wird. Eventuelle Sch\u00e4den an Dinge, Tiere und\/oder Personen, welche von einem unangemessenen Gebrauch des GER\u00c4TS herr\u00fchren, sind ausdr\u00fccklich von der GARANTIE ausgeschlossen. Falls der Hersteller \u00c4nderungen und\/oder Verbesserungen an defekten GER\u00c4TEN in GARANTIE durchf\u00fchren sollte, ist dieser nicht verpflichtet auch an vorher gekauften und korrekt funktionierenden GER\u00c4TEN in GARANTIE Hand anzulegen, au\u00dfer wenn bewiesen wird, dass dessen korrekter Gebrauch ernsthaft die Gesundheit des Gebrauchers und\/oder die Unversehrtheit des Installationsorts beintr\u00e4chtigen k\u00f6nnte. [\/vc_column_text][vc_custom_heading text=&#8221;3. Bedingungen in bezug auf die G\u00fcltigkeit der GARANTIE&#8221; font_container=&#8221;tag:p|font_size:28px|text_align:left|color:%23202020&#8243; use_theme_fonts=&#8221;yes&#8221; css=&#8221;.vc_custom_1635407056470{margin-bottom: 20px !important;}&#8221;][vc_column_text]Die GARANTIE ist unter den folgenden Bedingungen g\u00fcltig:<\/p>\n<ol>\n<li>eventuelle Funktionsst\u00f6rungen des GER\u00c4TS wurden dem HERSTELLER vom K\u00e4ufer p\u00fcnktlich und schriftlich mitgeteilt; das bedeutet innerhalb und nicht nach 5 (f\u00fcnf) Tagen ab deren Auftreten;<\/li>\n<li>das Datenschild auf dem GER\u00c4T ist unversehrt und leserlich;<\/li>\n<li>das Garantiesiegel und die Seriennummer wurden nicht abgenommen oder entstellt;<\/li>\n<li>es wurden vorher die n\u00f6tigen elektrischen Kennzeichen der \u00e4u\u00dferen Anlage \u00fcberpr\u00fcft und jegliche Umsicht sowie alle n\u00f6tigen Schutzma\u00dfnahmen, sowohl bei der Installation als auch beim Gebrauch des GER\u00c4TS, wurden in \u00dcbereinstimmung mit den Normen zur Unfallsvorbeugung getroffen;<\/li>\n<li>der vollst\u00e4ndig ausgef\u00fcllte Abschnitt B der vorliegenden Bescheinigung wurde nach dem Kauf des GER\u00c4TS p\u00fcnktlich (siehe vorhergehenden Punkt 1.) dem HERSTELLER zugesendet.<\/li>\n<\/ol>\n<p>[\/vc_column_text][vc_custom_heading text=&#8221;4. Einschr\u00e4nkung&#8221; font_container=&#8221;tag:p|font_size:28px|text_align:left|color:%23202020&#8243; use_theme_fonts=&#8221;yes&#8221; css=&#8221;.vc_custom_1635407114231{margin-bottom: 20px !important;}&#8221;][vc_column_text]Die GARANTIE ist nur in den Staaten g\u00fcltig, in denen das GER\u00c4T zugelassen wurde.<br \/>\nDie GARATIE ist nur f\u00fcr den originalen K\u00e4ufer g\u00fcltig und ist nicht \u00fcbertragbar.<br \/>\nSch\u00e4den durch \u00e4u\u00dfere Faktoren, welche nicht direkt vom GER\u00c4T abh\u00e4ngen, sind nicht von der Garantie abgedeckt, wie zum Beispiel:<\/p>\n<ul>\n<li>zuf\u00e4llige Ursachen, Naturkr\u00e4fte, \u00dcberspannungen des Stromnetzes;<\/li>\n<li>Unf\u00e4lle (<em>Fall, Schl\u00e4ge, St\u00f6\u00dfe, u.s.w&#8230;<\/em>) beim Transport oder Auslieferung des GER\u00c4TS;<\/li>\n<li>Aufbrechen, \u00c4nderungen oder Reparaturversuche am GER\u00c4T, die nicht vom HERSTELLER autorisiert wurden;<\/li>\n<li>Sorglosigkeit, Nachl\u00e4ssigkeit des K\u00c4UFERS;<\/li>\n<li>jeglicher unvorgesehener Gebrauch des GER\u00c4TS.<\/li>\n<\/ul>\n<p>[\/vc_column_text][\/vc_column][\/vc_row]<\/p>\n<\/div>","protected":false},"excerpt":{"rendered":"<p>[vc_row full_width=&#8221;stretch_row&#8221; css=&#8221;.vc_custom_1581385139807{margin-top: 15px !important;margin-bottom: 15px !important;}&#8221;][vc_column][vc_custom_heading text=&#8221;Garantie&#8221; font_container=&#8221;tag:p|font_size:46px|text_align:left|color:%23202020|line_height:46px&#8221; use_theme_fonts=&#8221;yes&#8221; el_class=&#8221;titolointerno&#8221;][vc_custom_heading text=&#8221;1. Dauer und Beginn der GARANTIE&#8221; font_container=&#8221;tag:p|font_size:28px|text_align:left|color:%23202020&#8243; use_theme_fonts=&#8221;yes&#8221; css=&#8221;.vc_custom_1635407009158{margin-bottom: 20px !important;}&#8221;][vc_column_text]Die GARANTIE hat eine G\u00fcltigkeit von 24 Monaten, welche ab dem Datum des Erwerbs von Seiten des Endverbrauchers (KAUFER) vom WIEDERVERK\u00c4UFER wirksam ist. Das Kaufdatum muss, im Fall eines Garantie-Anspruchs, durch ein g\u00fcltiges steuerliches [&hellip;]<\/p>\n","protected":false},"author":1,"featured_media":0,"parent":0,"menu_order":0,"comment_status":"closed","ping_status":"closed","template":"","meta":{"footnotes":""},"class_list":["post-20256","page","type-page","status-publish","hentry"],"_links":{"self":[{"href":"https:\/\/www.thermoglance.com\/de\/wp-json\/wp\/v2\/pages\/20256","targetHints":{"allow":["GET"]}}],"collection":[{"href":"https:\/\/www.thermoglance.com\/de\/wp-json\/wp\/v2\/pages"}],"about":[{"href":"https:\/\/www.thermoglance.com\/de\/wp-json\/wp\/v2\/types\/page"}],"author":[{"embeddable":true,"href":"https:\/\/www.thermoglance.com\/de\/wp-json\/wp\/v2\/users\/1"}],"replies":[{"embeddable":true,"href":"https:\/\/www.thermoglance.com\/de\/wp-json\/wp\/v2\/comments?post=20256"}],"version-history":[{"count":4,"href":"https:\/\/www.thermoglance.com\/de\/wp-json\/wp\/v2\/pages\/20256\/revisions"}],"predecessor-version":[{"id":20298,"href":"https:\/\/www.thermoglance.com\/de\/wp-json\/wp\/v2\/pages\/20256\/revisions\/20298"}],"wp:attachment":[{"href":"https:\/\/www.thermoglance.com\/de\/wp-json\/wp\/v2\/media?parent=20256"}],"curies":[{"name":"wp","href":"https:\/\/api.w.org\/{rel}","templated":true}]}}