{"id":20275,"date":"2021-10-27T17:23:47","date_gmt":"2021-10-27T15:23:47","guid":{"rendered":"https:\/\/thermoglance.molluscobalena.eu\/?page_id=20275"},"modified":"2021-10-28T09:52:03","modified_gmt":"2021-10-28T07:52:03","slug":"contact-us","status":"publish","type":"page","link":"https:\/\/www.thermoglance.com\/de\/contact-us\/","title":{"rendered":"Kontakte"},"content":{"rendered":"<div class=\"wpb-content-wrapper\"><p>[vc_row full_width=&#8221;stretch_row_content&#8221; css=&#8221;.vc_custom_1620316151555{margin-top: -40px !important;margin-bottom: 40px !important;}&#8221;][vc_column][vc_raw_html]JTNDaWZyYW1lJTIwc3JjJTNEJTIyaHR0cHMlM0ElMkYlMkZ3d3cuZ29vZ2xlLmNvbSUyRm1hcHMlMkZlbWJlZCUzRnBiJTNEJTIxMW0xOCUyMTFtMTIlMjExbTMlMjExZDI4MDkuNTgxNTkyMDk0NzgzJTIxMmQxMC40MzM2NDk0MTU1NDk4NDIlMjEzZDQ1LjIzNjAzMDg3OTA5ODg2JTIxMm0zJTIxMWYwJTIxMmYwJTIxM2YwJTIxM20yJTIxMWkxMDI0JTIxMmk3NjglMjE0ZjEzLjElMjEzbTMlMjExbTIlMjExczB4NDc4MWI2ZDg4NzEyMjVjZCUyNTNBMHg1OTJmOTNlYjU1NzFlMjJhJTIxMnNWaWElMjUyME1hbnRvdmElMjUyQyUyNTIwMTIxJTI1MkMlMjUyMDQ2MDQxJTI1MjBBc29sYSUyNTIwTU4lMjE1ZTAlMjEzbTIlMjExc2l0JTIxMnNpdCUyMTR2MTYyMDMxNTY0ODA2MSUyMTVtMiUyMTFzaXQlMjEyc2l0JTIyJTIwd2lkdGglM0QlMjIxMDAlMjUlMjIlMjBoZWlnaHQlM0QlMjI0NTAlMjIlMjBzdHlsZSUzRCUyMmJvcmRlciUzQTAlM0IlMjIlMjBhbGxvd2Z1bGxzY3JlZW4lM0QlMjIlMjIlMjBsb2FkaW5nJTNEJTIybGF6eSUyMiUzRSUzQyUyRmlmcmFtZSUzRQ==[\/vc_raw_html][\/vc_column][\/vc_row][vc_row full_width=&#8221;stretch_row_content&#8221; gap=&#8221;80&#8243;][vc_column offset=&#8221;vc_col-lg-5 vc_col-md-12&#8243; css=&#8221;.vc_custom_1585217719917{margin-bottom: 60px !important;}&#8221;][vc_column_text]Willkommen beim Kundenservice von Thermoglance.com<br \/>\nF\u00fcr alle Informationen oder Anfragen steht Ihnen der Kundenservice mit Kompetenz und Professionalit\u00e4t zur Verf\u00fcgung.[\/vc_column_text]\n<div class=\"wpcf7 no-js\" id=\"wpcf7-f20301-o1\" lang=\"en-US\" dir=\"ltr\" data-wpcf7-id=\"20301\">\n<div class=\"screen-reader-response\"><p role=\"status\" aria-live=\"polite\" aria-atomic=\"true\"><\/p> <ul><\/ul><\/div>\n<form action=\"\/de\/wp-json\/wp\/v2\/pages\/20275#wpcf7-f20301-o1\" method=\"post\" class=\"wpcf7-form init\" aria-label=\"Contact form\" novalidate=\"novalidate\" data-status=\"init\">\n<fieldset class=\"hidden-fields-container\"><input type=\"hidden\" name=\"_wpcf7\" value=\"20301\" \/><input type=\"hidden\" name=\"_wpcf7_version\" value=\"6.1.5\" \/><input type=\"hidden\" name=\"_wpcf7_locale\" value=\"en_US\" \/><input type=\"hidden\" name=\"_wpcf7_unit_tag\" value=\"wpcf7-f20301-o1\" \/><input type=\"hidden\" name=\"_wpcf7_container_post\" value=\"0\" \/><input type=\"hidden\" name=\"_wpcf7_posted_data_hash\" value=\"\" \/><input type=\"hidden\" name=\"_wpcf7_recaptcha_response\" value=\"\" \/>\n<\/fieldset>\n<div class=\"contact-form\">\n\t<div class=\"info-wrapper\">\n\t\t<p><span class=\"wpcf7-form-control-wrap\" data-name=\"nome\"><input size=\"40\" maxlength=\"400\" class=\"wpcf7-form-control wpcf7-text wpcf7-validates-as-required\" aria-required=\"true\" aria-invalid=\"false\" placeholder=\"Dein Name\" value=\"\" type=\"text\" name=\"nome\" \/><\/span>\n\t\t<\/p>\n\t\t<p><span class=\"wpcf7-form-control-wrap\" data-name=\"email\"><input size=\"40\" maxlength=\"400\" class=\"wpcf7-form-control wpcf7-email wpcf7-validates-as-required wpcf7-text wpcf7-validates-as-email\" aria-required=\"true\" aria-invalid=\"false\" placeholder=\"EMail\" value=\"\" type=\"email\" name=\"email\" \/><\/span>\n\t\t<\/p>\n\t<\/div>\n\t<p><span class=\"wpcf7-form-control-wrap\" data-name=\"oggetto\"><input size=\"40\" maxlength=\"400\" class=\"wpcf7-form-control wpcf7-text wpcf7-validates-as-required\" aria-required=\"true\" aria-invalid=\"false\" placeholder=\"Objekt\" value=\"\" type=\"text\" name=\"oggetto\" \/><\/span>\n\t<\/p>\n\t<p><span class=\"wpcf7-form-control-wrap\" data-name=\"richiesta\"><textarea cols=\"40\" rows=\"10\" maxlength=\"2000\" class=\"wpcf7-form-control wpcf7-textarea wpcf7-validates-as-required\" aria-required=\"true\" aria-invalid=\"false\" placeholder=\"Anfrage\" name=\"richiesta\"><\/textarea><\/span>\n\t<\/p>\n\t<p><a href=\"\/de\/privacy-policy\/\" target=\"_blank\">Informationen zur Verarbeitung personenbezogener Daten<\/a>\n\t<\/p>\n\t<p><label><span class=\"wpcf7-form-control-wrap\" data-name=\"job-privacy\"><span class=\"wpcf7-form-control wpcf7-acceptance\"><span class=\"wpcf7-list-item\"><input type=\"checkbox\" name=\"job-privacy\" value=\"1\" aria-invalid=\"false\" \/><\/span><\/span><\/span> Ich akzeptiere<\/label>\n\t<\/p>\n\t<p class=\"clearfix\"><input class=\"wpcf7-form-control wpcf7-submit has-spinner button-primary\" type=\"submit\" value=\"SENDEN\" \/>\n\t<\/p>\n<\/div><input type='hidden' class='wpcf7-pum' value='{\"closepopup\":false,\"closedelay\":0,\"openpopup\":false,\"openpopup_id\":0}' \/><div class=\"wpcf7-response-output\" aria-hidden=\"true\"><\/div>\n<\/form>\n<\/div>\n[\/vc_column][vc_column offset=&#8221;vc_col-lg-7 vc_col-md-12&#8243; css=&#8221;.vc_custom_1585217714212{margin-bottom: 60px !important;}&#8221;][vc_column_text]<\/p>\n<h2 class=\"titolo t1\">Asola Vetro Srl<\/h2>\n<p>Wir sind ein historisches lombardisches Unternehmen, das seit 1968 Glas verarbeitet. Unser Unternehmen ist f\u00fchrend in der Herstellung von technologischem Glas f\u00fcr die gewerbliche Tiefk\u00fchlindustrie. Wir lassen hei\u00df und kalt koexistieren und liefern Glas f\u00fcr leistungsstarke K\u00fchlvitrinen in die ganze Welt.<\/p>\n<p>Um mehr zu erfahren www.asolavetro.com[\/vc_column_text][vc_row_inner css=&#8221;.vc_custom_1634646351825{margin-right: 0px !important;margin-left: 0px !important;padding-top: 30px !important;padding-bottom: 30px !important;background-color: #f4f4f4 !important;}&#8221;][vc_column_inner width=&#8221;1\/3&#8243; css=&#8221;.vc_custom_1634646523785{margin-bottom: 0px !important;}&#8221;][vc_column_text]<\/p>\n<div class=\"lnr lnr-home\" style=\"text-align: center; font-size: 36px; line-height: 40px; margin-bottom: 20px; color: #202020;\"><\/div>\n<h6 class=\"primary-color\" style=\"text-align: center;\">ADRESSE<\/h6>\n<p style=\"text-align: center; margin-bottom: 0px;\">Via Mantova 121<br \/>\n46041 Asola (MN) Italy<\/p>\n<p>[\/vc_column_text][\/vc_column_inner][vc_column_inner width=&#8221;1\/3&#8243; css=&#8221;.vc_custom_1634646528361{margin-bottom: 0px !important;}&#8221;][vc_column_text]<\/p>\n<div class=\"lnr lnr-phone-handset\" style=\"text-align: center; font-size: 36px; line-height: 40px; margin-bottom: 20px; color: #202020;\"><\/div>\n<h6 class=\"primary-color\" style=\"text-align: center;\">TELEFON<\/h6>\n<p style=\"text-align: center; margin-bottom: 0px;\">(+39) 0376 710310<\/p>\n<p>[\/vc_column_text][\/vc_column_inner][vc_column_inner width=&#8221;1\/3&#8243; css=&#8221;.vc_custom_1634646533151{margin-bottom: 0px !important;}&#8221;][vc_column_text]<\/p>\n<div class=\"lnr lnr-envelope\" style=\"text-align: center; font-size: 36px; line-height: 40px; margin-bottom: 20px; color: #202020;\"><\/div>\n<h6 class=\"primary-color\" style=\"text-align: center;\">EMAIL<\/h6>\n<p style=\"text-align: center; margin: 0;\">info@thermoglance.com<\/p>\n<p>[\/vc_column_text][\/vc_column_inner][\/vc_row_inner][\/vc_column][\/vc_row][vc_row][vc_column offset=&#8221;vc_hidden-md vc_hidden-sm vc_hidden-xs&#8221;][vc_empty_space height=&#8221;40px&#8221;][\/vc_column][\/vc_row]<\/p>\n<\/div>","protected":false},"excerpt":{"rendered":"<p>[vc_row full_width=&#8221;stretch_row_content&#8221; css=&#8221;.vc_custom_1620316151555{margin-top: -40px !important;margin-bottom: 40px !important;}&#8221;][vc_column][vc_raw_html]JTNDaWZyYW1lJTIwc3JjJTNEJTIyaHR0cHMlM0ElMkYlMkZ3d3cuZ29vZ2xlLmNvbSUyRm1hcHMlMkZlbWJlZCUzRnBiJTNEJTIxMW0xOCUyMTFtMTIlMjExbTMlMjExZDI4MDkuNTgxNTkyMDk0NzgzJTIxMmQxMC40MzM2NDk0MTU1NDk4NDIlMjEzZDQ1LjIzNjAzMDg3OTA5ODg2JTIxMm0zJTIxMWYwJTIxMmYwJTIxM2YwJTIxM20yJTIxMWkxMDI0JTIxMmk3NjglMjE0ZjEzLjElMjEzbTMlMjExbTIlMjExczB4NDc4MWI2ZDg4NzEyMjVjZCUyNTNBMHg1OTJmOTNlYjU1NzFlMjJhJTIxMnNWaWElMjUyME1hbnRvdmElMjUyQyUyNTIwMTIxJTI1MkMlMjUyMDQ2MDQxJTI1MjBBc29sYSUyNTIwTU4lMjE1ZTAlMjEzbTIlMjExc2l0JTIxMnNpdCUyMTR2MTYyMDMxNTY0ODA2MSUyMTVtMiUyMTFzaXQlMjEyc2l0JTIyJTIwd2lkdGglM0QlMjIxMDAlMjUlMjIlMjBoZWlnaHQlM0QlMjI0NTAlMjIlMjBzdHlsZSUzRCUyMmJvcmRlciUzQTAlM0IlMjIlMjBhbGxvd2Z1bGxzY3JlZW4lM0QlMjIlMjIlMjBsb2FkaW5nJTNEJTIybGF6eSUyMiUzRSUzQyUyRmlmcmFtZSUzRQ==[\/vc_raw_html][\/vc_column][\/vc_row][vc_row full_width=&#8221;stretch_row_content&#8221; gap=&#8221;80&#8243;][vc_column offset=&#8221;vc_col-lg-5 vc_col-md-12&#8243; css=&#8221;.vc_custom_1585217719917{margin-bottom: 60px !important;}&#8221;][vc_column_text]Willkommen beim Kundenservice von Thermoglance.com F\u00fcr alle Informationen oder Anfragen steht Ihnen der Kundenservice mit Kompetenz und Professionalit\u00e4t zur Verf\u00fcgung.[\/vc_column_text][\/vc_column][vc_column offset=&#8221;vc_col-lg-7 vc_col-md-12&#8243; css=&#8221;.vc_custom_1585217714212{margin-bottom: 60px !important;}&#8221;][vc_column_text] Asola Vetro Srl Wir sind ein historisches lombardisches Unternehmen, das seit 1968 Glas verarbeitet. Unser Unternehmen ist [&hellip;]<\/p>\n","protected":false},"author":1,"featured_media":0,"parent":0,"menu_order":0,"comment_status":"closed","ping_status":"closed","template":"","meta":{"footnotes":""},"class_list":["post-20275","page","type-page","status-publish","hentry"],"_links":{"self":[{"href":"https:\/\/www.thermoglance.com\/de\/wp-json\/wp\/v2\/pages\/20275","targetHints":{"allow":["GET"]}}],"collection":[{"href":"https:\/\/www.thermoglance.com\/de\/wp-json\/wp\/v2\/pages"}],"about":[{"href":"https:\/\/www.thermoglance.com\/de\/wp-json\/wp\/v2\/types\/page"}],"author":[{"embeddable":true,"href":"https:\/\/www.thermoglance.com\/de\/wp-json\/wp\/v2\/users\/1"}],"replies":[{"embeddable":true,"href":"https:\/\/www.thermoglance.com\/de\/wp-json\/wp\/v2\/comments?post=20275"}],"version-history":[{"count":5,"href":"https:\/\/www.thermoglance.com\/de\/wp-json\/wp\/v2\/pages\/20275\/revisions"}],"predecessor-version":[{"id":20302,"href":"https:\/\/www.thermoglance.com\/de\/wp-json\/wp\/v2\/pages\/20275\/revisions\/20302"}],"wp:attachment":[{"href":"https:\/\/www.thermoglance.com\/de\/wp-json\/wp\/v2\/media?parent=20275"}],"curies":[{"name":"wp","href":"https:\/\/api.w.org\/{rel}","templated":true}]}}