{"id":19979,"date":"2021-10-26T17:00:23","date_gmt":"2021-10-26T15:00:23","guid":{"rendered":"https:\/\/thermoglance.molluscobalena.eu\/?page_id=19979"},"modified":"2023-04-18T09:32:13","modified_gmt":"2023-04-18T07:32:13","slug":"tecnologia-vantaggi","status":"publish","type":"page","link":"https:\/\/www.thermoglance.com\/fr\/tecnologia-vantaggi\/","title":{"rendered":"Technologie et avantages"},"content":{"rendered":"<div class=\"wpb-content-wrapper\"><p>[vc_row css=&#8221;.vc_custom_1627463878570{margin-bottom: 0px !important;border-bottom-width: 0px !important;}&#8221;][vc_column][vc_empty_space height=&#8221;80px&#8221;][vc_custom_heading text=&#8221;Thermoglance&#8221; font_container=&#8221;tag:h3|font_size:60px|text_align:center&#8221; use_theme_fonts=&#8221;yes&#8221; css=&#8221;.vc_custom_1632910836501{margin-bottom: 40px !important;}&#8221; el_class=&#8221;titolohome&#8221;][vc_custom_heading text=&#8221;est un radiateur \u00e9lectrique en verre transparent.&#8221; font_container=&#8221;tag:h3|text_align:center&#8221; use_theme_fonts=&#8221;yes&#8221; css=&#8221;.vc_custom_1635260457384{margin-bottom: 20px !important;}&#8221;][vc_empty_space height=&#8221;40px&#8221;][\/vc_column][\/vc_row][vc_row content_placement=&#8221;middle&#8221; css=&#8221;.vc_custom_1629813622223{margin-bottom: 60px !important;}&#8221;][vc_column width=&#8221;1\/2&#8243; css=&#8221;.vc_custom_1629813240207{padding-right: 6% !important;padding-left: 6% !important;}&#8221;][vc_column_text css=&#8221;.vc_custom_1635260530183{margin-bottom: 30px !important;}&#8221;]<span style=\"color: #202020; font-size: 18px;\">Thermoglance est constitu\u00e9 de deux plaques de verre trait\u00e9 et stratifi\u00e9. La r\u00e9sistance transparente obtenue par une technologie laser sp\u00e9ciale s&#8217;\u00e9chauffe \u00e0 travers le courant \u00e9lectrique.<\/span>[\/vc_column_text][vc_column_text css=&#8221;.vc_custom_1635260556226{margin-bottom: 30px !important;}&#8221;]<span style=\"color: #202020; font-size: 18px;\">L&#8217;appareil se pr\u00e9sente comme un unique \u00e9l\u00e9ment tr\u00e8s compact et indestructible, sans fluide \u00e0 l&#8217;int\u00e9rieur, muni d&#8217;un c\u00e2ble de 2 m\u00e8tres de long et d&#8217;une fiche type schuko, et est aliment\u00e9 par le courant de secteur.<br \/>\nUn t\u00e9moin lumineux indique le fonctionnement. L&#8217;appareil arrive \u00e0 temp\u00e9rature en 10\/15 minutes \u00e0 peine.<\/span>[\/vc_column_text][vc_column_text css=&#8221;.vc_custom_1635260568480{margin-bottom: 0px !important;}&#8221;]<span style=\"color: #202020; font-size: 18px;\">Quand le radiateur s&#8217;allume, les rayons infrarouges atteignent les objets et les surfaces opaques et les chauffent directement, sans interagir avec l&#8217;atmosph\u00e8re. Les meubles et les murs chauds lib\u00e8rent la chaleur qu&#8217;ils ont emmagasin\u00e9e vers les objets plus froids et dans l&#8217;air.<\/span>[\/vc_column_text][vc_empty_space height=&#8221;40px&#8221;][\/vc_column][vc_column width=&#8221;1\/2&#8243; css=&#8221;.vc_custom_1629813550798{margin-bottom: 0px !important;}&#8221;][vc_raw_html css=&#8221;.vc_custom_1635261393733{margin-bottom: 0px !important;}&#8221;]JTVCZGV2dm5faWhvdHNwb3QlMjBpZCUzRCUyMjE5OTg3JTIyJTVE[\/vc_raw_html][\/vc_column][\/vc_row][vc_row full_width=&#8221;stretch_row&#8221; css=&#8221;.vc_custom_1627483340400{margin-bottom: 0px !important;border-bottom-width: 0px !important;background-color: #f2f2f2 !important;}&#8221;][vc_column][vc_empty_space height=&#8221;80px&#8221;][vc_custom_heading text=&#8221;Bien-\u00eatre avec Thermoglance&#8221; font_container=&#8221;tag:h3|font_size:60px|text_align:center|line_height:60px&#8221; use_theme_fonts=&#8221;yes&#8221; css=&#8221;.vc_custom_1635261419838{margin-bottom: 20px !important;}&#8221; el_class=&#8221;titolohome&#8221;][vc_empty_space height=&#8221;80px&#8221;][\/vc_column][vc_column][vc_row_inner el_class=&#8221;benessere-con-thermoglance&#8221;][vc_column_inner width=&#8221;1\/2&#8243;][vc_single_image image=&#8221;19740&#8243; img_size=&#8221;full&#8221; alignment=&#8221;center&#8221;][\/vc_column_inner][vc_column_inner width=&#8221;1\/2&#8243; css=&#8221;.vc_custom_1632910973617{padding-top: 6% !important;padding-bottom: 6% !important;}&#8221;][vc_toggle title=&#8221;Un chauffage homog\u00e8ne et constant.&#8221;]Les rayons infrarouges chauffent directement les corps, les meubles et les murs qui, une fois charg\u00e9s d&#8217;\u00e9nergie, lib\u00e8rent la chaleur accumul\u00e9e et r\u00e9chauffent les objets plus froids et l&#8217;air environnant. Tout ce qu&#8217;il y a dans la pi\u00e8ce \u00e9met ainsi de la chaleur. Les personnes per\u00e7oivent une ti\u00e9deur d\u00e9licate et homog\u00e8ne sur tout le corps, sans cette sensation d\u00e9sagr\u00e9able de chaleur dans la t\u00eate alors que les pieds restent froids.<br \/>\n<strong>Le radiateur design infrarouge est un excellent choix pour les personnes souffrant de douleurs rhumatiques et de crampes musculaires.<\/strong>[\/vc_toggle][vc_toggle title=&#8221;Air pur sans poussi\u00e8re.&#8221;]Le radiateur \u00e9lectrique infrarouge Thermoglance ne cr\u00e9e pas de courants convectifs importants et ne soul\u00e8ve pas de poussi\u00e8re, laissant l&#8217;air propre.<br \/>\n<strong>Les personnes allergiques \u00e0 la poussi\u00e8re, aux acariens ou aux poils d&#8217;animaux vivent et travaillent bien dans des environnements chauff\u00e9s avec Thermoglance.<\/strong>[\/vc_toggle][vc_toggle title=&#8221;Le taux d&#8217;humidit\u00e9 optimal.&#8221;]Le chauffage Thermoglance fonctionne \u00e0 des temp\u00e9ratures relativement basses, ce qui permet de maintenir le taux d&#8217;humidit\u00e9 de l&#8217;air inchang\u00e9.<br \/>\n<strong>Un environnement avec de l&#8217;air naturellement humide est important pour le confort quotidien<\/strong>[\/vc_toggle][vc_toggle title=&#8221;Pas d&#8217;\u00e9missions.&#8221;]\u00c9tant un radiateur \u00e9lectrique, Thermoglance ne g\u00e9n\u00e8re aucune \u00e9mission et ne br\u00fble pas d&#8217;oxyg\u00e8ne, contrairement aux syst\u00e8mes de combustion.<br \/>\n<strong>Ce radiateur se distingue par sa s\u00e9curit\u00e9.<\/strong>[\/vc_toggle][vc_toggle title=&#8221;Un fonctionnement silencieux et sans odeur.&#8221;]Thermoglance es un appareil solide, sans liquide \u00e0 l&#8217;int\u00e9rieur ni pi\u00e8ces mobiles. Son fonctionnement est parfaitement silencieux et sans odeur.<br \/>\n<strong>Thermoglance \u00e8st un radiateur design parfait pour les pi\u00e8ces de nuit telles que les chambres d&#8217;h\u00f4tel, les chambres d&#8217;enfant, etc.<\/strong>[\/vc_toggle][\/vc_column_inner][vc_column_inner][vc_empty_space height=&#8221;80px&#8221;][\/vc_column_inner][\/vc_row_inner][\/vc_column][\/vc_row][vc_row full_width=&#8221;stretch_row&#8221; css=&#8221;.vc_custom_1627484379718{margin-bottom: 0px !important;border-bottom-width: 0px !important;}&#8221;][vc_column][vc_empty_space height=&#8221;80px&#8221;][vc_custom_heading text=&#8221;Avantages \u00e9conomiques&#8221; font_container=&#8221;tag:h3|font_size:60px|text_align:center|line_height:60px&#8221; use_theme_fonts=&#8221;yes&#8221; css=&#8221;.vc_custom_1635261600221{margin-bottom: 20px !important;}&#8221; el_class=&#8221;titolohome&#8221;][vc_empty_space height=&#8221;60px&#8221;][\/vc_column][vc_column][vc_row_inner el_class=&#8221;vantaggi-economici nomobile&#8221;][vc_column_inner width=&#8221;1\/2&#8243;][vc_toggle title=&#8221;R\u00e9chauffer les pi\u00e8ces n\u00e9cessaires sans allumer le chauffage central.&#8221;]Dans les demi-saisons, quelques minutes suffisent pour chauffer une salle de bain, une chambre d&#8217;enfant ou un bureau. Pour contr\u00f4ler le chauffage de plusieurs pi\u00e8ces selon les exigences quotidiennes de l&#8217;utilisateur, il suffit de connecter Thermoglance \u00e0 un chronothermostat \u00e0 radiofr\u00e9quence : intensifier le chauffage du salon le soir, chauffer le bureau pendant les horaires de travail, etc.[\/vc_toggle][vc_toggle title=&#8221;Optimiser le chauffage dans les pi\u00e8ces de grandes dimensions.&#8221;]Dans les open spaces, sans portes ou avec de hauts plafonds, il est possible de chauffer uniquement les zones occup\u00e9es par des personnes, sans avoir \u00e0 chauffer toute la pi\u00e8ce.<br \/>\nEn pla\u00e7ant le radiateur en verre Thermoglance \u00e0 proximit\u00e9 de la zone d&#8217;int\u00e9r\u00eat (par exemple : un espace d\u00e9tente, un espace de jeux ou d&#8217;\u00e9tude, la r\u00e9ception d&#8217;un h\u00f4tel), un \u00eelot de chaleur est g\u00e9n\u00e9r\u00e9. La chaleur des rayons infrarouges n&#8217;est pas dispers\u00e9e, mais reste l\u00e0 o\u00f9 elle est cr\u00e9\u00e9e.<br \/>\n[\/vc_toggle][vc_toggle title=&#8221;Percevoir un confort thermique \u00e0 des temp\u00e9ratures relativement basses.&#8221;]Par rapport \u00e0 un syst\u00e8me traditionnel, le chauffage \u00e0 panneau rayonnant permet des \u00e9conomies d&#8217;\u00e9nergie du fait qu&#8217;une temp\u00e9rature ambiante inf\u00e9rieure de 3\u00b0C assure la m\u00eame sensation de chaleur.<br \/>\nChaque degr\u00e9 centigrade correspondant \u00e0 environ 5% de consommation, l&#8217;\u00e9conomie r\u00e9alis\u00e9e est de 15%.[\/vc_toggle][vc_toggle title=&#8221;Ne consommer que le n\u00e9cessaire.&#8221;]Thermoglance a un rendement proche de 99%.[\/vc_toggle][vc_toggle title=&#8221;Utiliser les sources renouvelables.&#8221;]Il est possible d&#8217;exploiter l&#8217;\u00e9nergie provenant de sources renouvelables telles que les panneaux photovolta\u00efques.[\/vc_toggle][vc_toggle title=&#8221;\u00c9conomiser gr\u00e2ce au faible co\u00fbt d&#8217;installation.&#8221;]Le co\u00fbt d&#8217;une installation \u00e9lectrique est d&#8217;environ 1\/4 par rapport au syst\u00e8me hydraulique \u00e9quivalent.<br \/>\nAucun gros travail de ma\u00e7onnerie n&#8217;est requis.[\/vc_toggle][vc_toggle title=&#8221;Ne pas avoir \u00e0 faire d&#8217;entretien.&#8221;]Radiateur \u00e9lectrique Thermoglance est un appareil solide, sans liquide \u00e0 l&#8217;int\u00e9rieur ni pi\u00e8ces mobiles \u00e0 contr\u00f4ler ou \u00e0 remplacer.[\/vc_toggle][vc_toggle title=&#8221;Au prix de fabrique.&#8221;]Thermoglance est fabriqu\u00e9 et vendu par Asola Vetro Srl exclusivement sur le site e-commerce de l&#8217;entreprise www.thermoglance.com[\/vc_toggle][\/vc_column_inner][vc_column_inner width=&#8221;1\/2&#8243;][vc_single_image image=&#8221;19758&#8243; img_size=&#8221;full&#8221; alignment=&#8221;center&#8221;][\/vc_column_inner][\/vc_row_inner][vc_row_inner el_class=&#8221;vantaggi-economici nodesk&#8221;][vc_column_inner width=&#8221;1\/2&#8243;][vc_single_image image=&#8221;19758&#8243; img_size=&#8221;full&#8221; alignment=&#8221;center&#8221;][\/vc_column_inner][vc_column_inner width=&#8221;1\/2&#8243;][vc_empty_space][vc_toggle title=&#8221;R\u00e9chauffer les pi\u00e8ces n\u00e9cessaires sans allumer le chauffage central.&#8221;]Dans les demi-saisons, quelques minutes suffisent pour chauffer une salle de bain, une chambre d&#8217;enfant ou un bureau. Pour contr\u00f4ler le chauffage de plusieurs pi\u00e8ces selon les exigences quotidiennes de l&#8217;utilisateur, il suffit de connecter Thermoglance \u00e0 un chronothermostat \u00e0 radiofr\u00e9quence : intensifier le chauffage du salon le soir, chauffer le bureau pendant les horaires de travail, etc.[\/vc_toggle][vc_toggle title=&#8221;Optimiser le chauffage dans les pi\u00e8ces de grandes dimensions.&#8221;]Dans les open spaces, sans portes ou avec de hauts plafonds, il est possible de chauffer uniquement les zones occup\u00e9es par des personnes, sans avoir \u00e0 chauffer toute la pi\u00e8ce.<br \/>\nEn pla\u00e7ant le radiateur en verre Thermoglance \u00e0 proximit\u00e9 de la zone d&#8217;int\u00e9r\u00eat (par exemple : un espace d\u00e9tente, un espace de jeux ou d&#8217;\u00e9tude, la r\u00e9ception d&#8217;un h\u00f4tel), un \u00eelot de chaleur est g\u00e9n\u00e9r\u00e9. La chaleur des rayons infrarouges n&#8217;est pas dispers\u00e9e, mais reste l\u00e0 o\u00f9 elle est cr\u00e9\u00e9e.<br \/>\n[\/vc_toggle][vc_toggle title=&#8221;Percevoir un confort thermique \u00e0 des temp\u00e9ratures relativement basses.&#8221;]Par rapport \u00e0 un syst\u00e8me traditionnel, le chauffage \u00e0 panneau rayonnant permet des \u00e9conomies d&#8217;\u00e9nergie du fait qu&#8217;une temp\u00e9rature ambiante inf\u00e9rieure de 3\u00b0C assure la m\u00eame sensation de chaleur.<br \/>\nChaque degr\u00e9 centigrade correspondant \u00e0 environ 5% de consommation, l&#8217;\u00e9conomie r\u00e9alis\u00e9e est de 15%.[\/vc_toggle][vc_toggle title=&#8221;Ne consommer que le n\u00e9cessaire.&#8221;]Thermoglance a un rendement proche de 99%.[\/vc_toggle][vc_toggle title=&#8221;Utiliser les sources renouvelables.&#8221;]Il est possible d&#8217;exploiter l&#8217;\u00e9nergie provenant de sources renouvelables telles que les panneaux photovolta\u00efques.[\/vc_toggle][vc_toggle title=&#8221;\u00c9conomiser gr\u00e2ce au faible co\u00fbt d&#8217;installation.&#8221;]Le co\u00fbt d&#8217;une installation \u00e9lectrique est d&#8217;environ 1\/4 par rapport au syst\u00e8me hydraulique \u00e9quivalent.<br \/>\nAucun gros travail de ma\u00e7onnerie n&#8217;est requis.[\/vc_toggle][vc_toggle title=&#8221;Ne pas avoir \u00e0 faire d&#8217;entretien.&#8221;]Radiateur \u00e9lectrique Thermoglance est un appareil solide, sans liquide \u00e0 l&#8217;int\u00e9rieur ni pi\u00e8ces mobiles \u00e0 contr\u00f4ler ou \u00e0 remplacer.[\/vc_toggle][vc_toggle title=&#8221;Au prix de fabrique.&#8221;]Thermoglance est fabriqu\u00e9 et vendu par Asola Vetro Srl exclusivement sur le site e-commerce de l&#8217;entreprise www.thermoglance.com<br \/>\nL&#8217;\u00e9limination des interm\u00e9diaires commerciaux a permis de proposer Thermoglance \u00e0 un prix inf\u00e9rieur d&#8217;environ 35% par rapport \u00e0 des radiateurs de qualit\u00e9 similaire.[\/vc_toggle][\/vc_column_inner][\/vc_row_inner][vc_row_inner][vc_column_inner][vc_empty_space height=&#8221;50px&#8221;][\/vc_column_inner][\/vc_row_inner][\/vc_column][\/vc_row][vc_row full_width=&#8221;stretch_row&#8221; css=&#8221;.vc_custom_1627483340400{margin-bottom: 0px !important;border-bottom-width: 0px !important;background-color: #f2f2f2 !important;}&#8221;][vc_column][vc_empty_space height=&#8221;80px&#8221;][vc_custom_heading text=&#8221;La diff\u00e9rence entre&#8221; font_container=&#8221;tag:h3|font_size:34px|text_align:center|line_height:34px&#8221; use_theme_fonts=&#8221;yes&#8221; css=&#8221;.vc_custom_1635261844069{margin-bottom: 10px !important;}&#8221;][vc_custom_heading text=&#8221;le chauffage radiant et le chauffage par convection.&#8221; font_container=&#8221;tag:h3|font_size:34px|text_align:center|line_height:34px&#8221; use_theme_fonts=&#8221;yes&#8221; css=&#8221;.vc_custom_1635261851390{margin-bottom: 20px !important;}&#8221;][vc_empty_space height=&#8221;60px&#8221;][\/vc_column][vc_column][vc_row_inner el_class=&#8221;confronto&#8221;][vc_column_inner width=&#8221;1\/2&#8243; css=&#8221;.vc_custom_1627486602589{padding-top: 6% !important;padding-right: 6% !important;padding-bottom: 6% !important;padding-left: 6% !important;background-color: #ffffff !important;}&#8221;][vc_custom_heading text=&#8221;Chauffage<br \/>\ninfrarouge&#8221; font_container=&#8221;tag:p|font_size:24px|text_align:center|color:%23202020&#8243; use_theme_fonts=&#8221;yes&#8221; css=&#8221;.vc_custom_1635261863421{margin-top: 0px !important;margin-bottom: 0px !important;padding-bottom: 30px !important;}&#8221;][vc_single_image image=&#8221;19761&#8243; img_size=&#8221;full&#8221; style=&#8221;vc_box_border&#8221; css=&#8221;.vc_custom_1641976902324{margin-bottom: 20px !important;}&#8221;][vc_column_text css=&#8221;.vc_custom_1635261878989{margin-bottom: 0px !important;}&#8221;]<span style=\"color: #202020; font-size: 18px;\">Tout comme le soleil, le chauffage par rayonnement fonctionne gr\u00e2ce \u00e0 des rayons infrarouges qui chauffent directement les personnes et les objets sans interf\u00e9rer avec l&#8217;atmosph\u00e8re. La chaleur se fait sentir quelques minutes apr\u00e8s avoir allum\u00e9 le radiateur.<br \/>\nLa distribution homog\u00e8ne de la chaleur garantit un bien-\u00eatre absolu pour le corps humain, \u00e9vitant la sensation d\u00e9sagr\u00e9able d&#8217;avoir la t\u00eate chaude et les pieds froids.<br \/>\nLe syst\u00e8me de chauffage \u00e0 panneau rayonnant donne de la chaleur en laissant un air sain, sans poussi\u00e8re et avec son humidit\u00e9 naturelle ; ainsi, m\u00eame les personnes les plus sensibles en b\u00e9n\u00e9ficient.<br \/>\n<\/span>[\/vc_column_text][\/vc_column_inner][vc_column_inner width=&#8221;1\/2&#8243; css=&#8221;.vc_custom_1627486614495{padding-top: 6% !important;padding-right: 6% !important;padding-bottom: 6% !important;padding-left: 6% !important;background-color: #ffffff !important;}&#8221;][vc_custom_heading text=&#8221;Chauffage<br \/>\n\u00e0 convection&#8221; font_container=&#8221;tag:p|font_size:24px|text_align:center|color:%23202020&#8243; use_theme_fonts=&#8221;yes&#8221; css=&#8221;.vc_custom_1635261897597{margin-top: 0px !important;margin-bottom: 0px !important;padding-bottom: 30px !important;}&#8221;][vc_single_image image=&#8221;19764&#8243; img_size=&#8221;full&#8221; style=&#8221;vc_box_border&#8221; css=&#8221;.vc_custom_1630413093682{margin-bottom: 20px !important;}&#8221;][vc_column_text css=&#8221;.vc_custom_1635261912813{margin-bottom: 0px !important;}&#8221;]<span style=\"color: #202020; font-size: 18px;\">Le chauffage par convection fonctionne par mouvements d&#8217;air : les couches d&#8217;air chaud montent vers le plafond et poussent l&#8217;air froid vers le sol, o\u00f9 il est r\u00e9chauff\u00e9 par les radiateurs pour relancer le cycle.<br \/>\nCe syst\u00e8me implique d&#8217;avoir plus de chaleur en haut et moins en bas, il faut donc du temps et plus d&#8217;\u00e9nergie pour obtenir une temp\u00e9rature satisfaisante.<br \/>\nLes courants convectifs transportent de la poussi\u00e8re et des bact\u00e9ries, l&#8217;air devient sec \u00e0 cause de la surchauffe, cr\u00e9ant ainsi un microclimat d\u00e9favorable \u00e0 la sant\u00e9.<br \/>\n<\/span>[\/vc_column_text][\/vc_column_inner][vc_column_inner][vc_empty_space height=&#8221;80px&#8221;][\/vc_column_inner][\/vc_row_inner][\/vc_column][\/vc_row][vc_row][vc_column][vc_empty_space height=&#8221;80px&#8221;][\/vc_column][\/vc_row]<\/p>\n<\/div>","protected":false},"excerpt":{"rendered":"<p>[vc_row css=&#8221;.vc_custom_1627463878570{margin-bottom: 0px !important;border-bottom-width: 0px !important;}&#8221;][vc_column][vc_empty_space height=&#8221;80px&#8221;][vc_custom_heading text=&#8221;Thermoglance&#8221; font_container=&#8221;tag:h3|font_size:60px|text_align:center&#8221; use_theme_fonts=&#8221;yes&#8221; css=&#8221;.vc_custom_1632910836501{margin-bottom: 40px !important;}&#8221; el_class=&#8221;titolohome&#8221;][vc_custom_heading text=&#8221;est un radiateur \u00e9lectrique en verre transparent.&#8221; font_container=&#8221;tag:h3|text_align:center&#8221; use_theme_fonts=&#8221;yes&#8221; css=&#8221;.vc_custom_1635260457384{margin-bottom: 20px !important;}&#8221;][vc_empty_space height=&#8221;40px&#8221;][\/vc_column][\/vc_row][vc_row content_placement=&#8221;middle&#8221; css=&#8221;.vc_custom_1629813622223{margin-bottom: 60px !important;}&#8221;][vc_column width=&#8221;1\/2&#8243; css=&#8221;.vc_custom_1629813240207{padding-right: 6% !important;padding-left: 6% !important;}&#8221;][vc_column_text css=&#8221;.vc_custom_1635260530183{margin-bottom: 30px !important;}&#8221;]Thermoglance est constitu\u00e9 de deux plaques de verre trait\u00e9 et stratifi\u00e9. La r\u00e9sistance transparente obtenue par [&hellip;]<\/p>\n","protected":false},"author":1,"featured_media":0,"parent":0,"menu_order":0,"comment_status":"closed","ping_status":"closed","template":"","meta":{"footnotes":""},"class_list":["post-19979","page","type-page","status-publish","hentry"],"_links":{"self":[{"href":"https:\/\/www.thermoglance.com\/fr\/wp-json\/wp\/v2\/pages\/19979","targetHints":{"allow":["GET"]}}],"collection":[{"href":"https:\/\/www.thermoglance.com\/fr\/wp-json\/wp\/v2\/pages"}],"about":[{"href":"https:\/\/www.thermoglance.com\/fr\/wp-json\/wp\/v2\/types\/page"}],"author":[{"embeddable":true,"href":"https:\/\/www.thermoglance.com\/fr\/wp-json\/wp\/v2\/users\/1"}],"replies":[{"embeddable":true,"href":"https:\/\/www.thermoglance.com\/fr\/wp-json\/wp\/v2\/comments?post=19979"}],"version-history":[{"count":10,"href":"https:\/\/www.thermoglance.com\/fr\/wp-json\/wp\/v2\/pages\/19979\/revisions"}],"predecessor-version":[{"id":20779,"href":"https:\/\/www.thermoglance.com\/fr\/wp-json\/wp\/v2\/pages\/19979\/revisions\/20779"}],"wp:attachment":[{"href":"https:\/\/www.thermoglance.com\/fr\/wp-json\/wp\/v2\/media?parent=19979"}],"curies":[{"name":"wp","href":"https:\/\/api.w.org\/{rel}","templated":true}]}}