{"id":20000,"date":"2021-10-26T17:42:02","date_gmt":"2021-10-26T15:42:02","guid":{"rendered":"https:\/\/thermoglance.molluscobalena.eu\/?page_id=20000"},"modified":"2025-05-09T10:29:56","modified_gmt":"2025-05-09T08:29:56","slug":"di-noi","status":"publish","type":"page","link":"https:\/\/www.thermoglance.com\/fr\/di-noi\/","title":{"rendered":"Qui nous sommes"},"content":{"rendered":"<div class=\"wpb-content-wrapper\"><p>[vc_row full_width=&#8221;stretch_row_content_no_spaces&#8221;][vc_column][vc_single_image image=&#8221;19737&#8243; img_size=&#8221;full&#8221;][\/vc_column][\/vc_row][vc_row css=&#8221;.vc_custom_1632911152716{margin-bottom: 60px !important;}&#8221; el_class=&#8221;dinoi&#8221;][vc_column css=&#8221;.vc_custom_1630050910156{padding-right: 100px !important;padding-left: 100px !important;}&#8221;][vc_empty_space height=&#8221;60px&#8221;][vc_custom_heading text=&#8221;Asola Vetro Srl&#8221; font_container=&#8221;tag:p|font_size:30px|text_align:left|color:%23504a4a|line_height:40px&#8221; use_theme_fonts=&#8221;yes&#8221; css=&#8221;.vc_custom_1634290430473{margin-top: 60px !important;margin-bottom: 10px !important;}&#8221;][vc_column_text]<span style=\"color: #202020; font-size: 18px;\">Entreprise lombarde de longue tradition, nous travaillons le verre depuis 1968. Notre entreprise est un leader dans la production de verre technologique pour l&#8217;industrie des cong\u00e9lateurs commerciaux. Nous faisons cohabiter le chaud et le froid et livrons des vitrages pour vitrines r\u00e9frig\u00e9r\u00e9es hautes performances dans le monde entier.<\/span><br \/>\n<em><span style=\"color: #202020; font-size: 18px;\">Pour en savoir plus <a style=\"text-decoration: underline;\" href=\"http:\/\/www.asolavetro.com\" target=\"_blank\" rel=\"noopener\">www.asolavetro.com<\/a><\/span><\/em>[\/vc_column_text][vc_custom_heading text=&#8221;Thermoglance&#8221; font_container=&#8221;tag:p|font_size:30px|text_align:left|color:%23504a4a|line_height:40px&#8221; use_theme_fonts=&#8221;yes&#8221; css=&#8221;.vc_custom_1634290435682{margin-top: 60px !important;margin-bottom: 10px !important;}&#8221;][vc_column_text]<span style=\"color: #202020; font-size: 18px;\">L&#8217;id\u00e9e d&#8217;un radiateur en verre transparent est n\u00e9e avec le brevet d&#8217;un syst\u00e8me r\u00e9volutionnaire de chauffage de la surface vitr\u00e9e.<\/span>[\/vc_column_text][vc_custom_heading text=&#8221;Nous ne faisons pas cas des tendances&#8221; font_container=&#8221;tag:p|font_size:30px|text_align:left|color:%23504a4a|line_height:40px&#8221; use_theme_fonts=&#8221;yes&#8221; css=&#8221;.vc_custom_1635263036467{margin-top: 60px !important;margin-bottom: 10px !important;}&#8221;][vc_column_text]<span style=\"color: #202020; font-size: 18px;\">Nous avons r\u00e9alis\u00e9 un radiateur sobre et intemporel. Un rectangle en verre reste discret et s&#8217;adapte toujours au style.<\/span>[\/vc_column_text][vc_custom_heading text=&#8221;La s\u00e9curit\u00e9 est dans notre ADN&#8221; font_container=&#8221;tag:p|font_size:30px|text_align:left|color:%23504a4a|line_height:40px&#8221; use_theme_fonts=&#8221;yes&#8221; css=&#8221;.vc_custom_1635263055669{margin-top: 60px !important;margin-bottom: 10px !important;}&#8221;][vc_column_text]<span style=\"color: #202020; font-size: 18px;\">Travailler avec le verre et l&#8217;\u00e9lectricit\u00e9 nous oblige \u00e0 maintenir des consignes de s\u00e9curit\u00e9 rigoureuses pendant le processus de fabrication qui conduisent \u00e0 la cr\u00e9ation de produits de haute qualit\u00e9.<br \/>\nThermoglance r\u00e9pond \u00e0 toutes les r\u00e9glementations de s\u00e9curit\u00e9.<br \/>\n<\/span>[\/vc_column_text][vc_custom_heading text=&#8221;Nous vendons \u00e0 un prix raisonnable&#8221; font_container=&#8221;tag:p|font_size:30px|text_align:left|color:%23504a4a|line_height:40px&#8221; use_theme_fonts=&#8221;yes&#8221; css=&#8221;.vc_custom_1746779388284{margin-top: 60px !important;margin-bottom: 10px !important;}&#8221; el_class=&#8221;nascosto&#8221;][vc_column_text css=&#8221;&#8221; el_class=&#8221;nascosto&#8221;]<span style=\"color: #202020; font-size: 18px;\">Thermoglance est enti\u00e8rement fabriqu\u00e9 en Italie et vendu exclusivement \u00e0 travers le site e-commerce de l&#8217;entreprise.<br \/>\n<\/span>[\/vc_column_text][\/vc_column][\/vc_row]<\/p>\n<\/div>","protected":false},"excerpt":{"rendered":"<p>[vc_row full_width=&#8221;stretch_row_content_no_spaces&#8221;][vc_column][vc_single_image image=&#8221;19737&#8243; img_size=&#8221;full&#8221;][\/vc_column][\/vc_row][vc_row css=&#8221;.vc_custom_1632911152716{margin-bottom: 60px !important;}&#8221; el_class=&#8221;dinoi&#8221;][vc_column css=&#8221;.vc_custom_1630050910156{padding-right: 100px !important;padding-left: 100px !important;}&#8221;][vc_empty_space height=&#8221;60px&#8221;][vc_custom_heading text=&#8221;Asola Vetro Srl&#8221; font_container=&#8221;tag:p|font_size:30px|text_align:left|color:%23504a4a|line_height:40px&#8221; use_theme_fonts=&#8221;yes&#8221; css=&#8221;.vc_custom_1634290430473{margin-top: 60px !important;margin-bottom: 10px !important;}&#8221;][vc_column_text]Entreprise lombarde de longue tradition, nous travaillons le verre depuis 1968. Notre entreprise est un leader dans la production de verre technologique pour l&#8217;industrie des cong\u00e9lateurs commerciaux. Nous faisons cohabiter le chaud [&hellip;]<\/p>\n","protected":false},"author":1,"featured_media":0,"parent":0,"menu_order":0,"comment_status":"closed","ping_status":"closed","template":"","meta":{"footnotes":""},"class_list":["post-20000","page","type-page","status-publish","hentry"],"_links":{"self":[{"href":"https:\/\/www.thermoglance.com\/fr\/wp-json\/wp\/v2\/pages\/20000","targetHints":{"allow":["GET"]}}],"collection":[{"href":"https:\/\/www.thermoglance.com\/fr\/wp-json\/wp\/v2\/pages"}],"about":[{"href":"https:\/\/www.thermoglance.com\/fr\/wp-json\/wp\/v2\/types\/page"}],"author":[{"embeddable":true,"href":"https:\/\/www.thermoglance.com\/fr\/wp-json\/wp\/v2\/users\/1"}],"replies":[{"embeddable":true,"href":"https:\/\/www.thermoglance.com\/fr\/wp-json\/wp\/v2\/comments?post=20000"}],"version-history":[{"count":9,"href":"https:\/\/www.thermoglance.com\/fr\/wp-json\/wp\/v2\/pages\/20000\/revisions"}],"predecessor-version":[{"id":21237,"href":"https:\/\/www.thermoglance.com\/fr\/wp-json\/wp\/v2\/pages\/20000\/revisions\/21237"}],"wp:attachment":[{"href":"https:\/\/www.thermoglance.com\/fr\/wp-json\/wp\/v2\/media?parent=20000"}],"curies":[{"name":"wp","href":"https:\/\/api.w.org\/{rel}","templated":true}]}}