{"id":20019,"date":"2021-10-27T09:54:43","date_gmt":"2021-10-27T07:54:43","guid":{"rendered":"https:\/\/thermoglance.molluscobalena.eu\/?page_id=20019"},"modified":"2021-10-27T10:12:29","modified_gmt":"2021-10-27T08:12:29","slug":"domande-frequenti","status":"publish","type":"page","link":"https:\/\/www.thermoglance.com\/fr\/domande-frequenti\/","title":{"rendered":"Questions fr\u00e9quentes"},"content":{"rendered":"<div class=\"wpb-content-wrapper\"><p>[vc_row full_width=&#8221;stretch_row&#8221;][vc_column][vc_custom_heading text=&#8221;Questions fr\u00e9quentes&#8221; font_container=&#8221;tag:p|font_size:46px|text_align:left|color:%23202020|line_height:46px&#8221; use_theme_fonts=&#8221;yes&#8221; el_class=&#8221;titolointerno&#8221;][vc_toggle title=&#8221;Comment est-il fait et comment fonctionne-t-il?&#8221;]Thermoglance est un radiateur \u00e9lectrique en verre transparent qui fonctionne par rayonnement.<\/p>\n<p>Il est constitu\u00e9 de deux plaques de verre thermiquement trait\u00e9es et stratifi\u00e9es, avec une technologie Laser particuli\u00e8re on obtient la r\u00e9sistance transparente qui se r\u00e9chauffe avec le courant \u00e9lectrique.<br \/>\nL\u2019appareil se pr\u00e9sente comme un seul \u00e9l\u00e9ment tr\u00e8s compact et indestructible, sans fluides internes pourvu d\u2019un c\u00e2ble de 2 m\u00e8tres et d\u2019une fiche de type schuko qui l\u2019alimente de mani\u00e8re continue avec le courant normal.<br \/>\nUn t\u00e9moin lumineux indique le fonctionnement et en seulement 10\/15 minutes il est d\u00e9j\u00e0 \u00e0 temp\u00e9rature voulue.<br \/>\nA la diff\u00e9rence des radiateurs \u00e9lectriques habituels qui ont des r\u00e9sistances tr\u00e8s chaudes, Thermoglance fonctionne \u00e0 des temp\u00e9ratures relativement basses, la chaleur est donc extr\u00eamement d\u00e9licate et agr\u00e9able sans bruit et sans odeur.[\/vc_toggle][vc_toggle title=&#8221;Combien d\u2019espace peut r\u00e9chauffer thermoglance?&#8221;]Les besoins \u00e9nerg\u00e9tiques pour chauffer le milieu domestique (hauteur moyenne 3m) varient de 100 \u00e0 150 watt\/m\u00b2&#8230;<\/p>\n<p>&#8230;et cette valeur d\u00e9pend principalement de l\u2019isolation de la construction et du climat local. Exemple: Pi\u00e8ce 3 x 3 m\u00e8tres = 9 m2 x 100 watt = 900 watt de besoins \u00e9nerg\u00e9tiques Dans ce cas Thermoglance 600 x 1500 de 900 watt est suffisant.<br \/>\nCelle-ci est une indication, pour une plus grande pr\u00e9cision il est recommand\u00e9 de s\u2019adresser \u00e0 un ing\u00e9nieur thermotechnique.[\/vc_toggle][vc_toggle title=&#8221;Combien consomme-t-il?&#8221;]Exemple: Co\u00fbt moyen du courant \u00e9lectrique en Italie<\/p>\n<p>Exemple: Co\u00fbt moyen du courant \u00e9lectrique en Italie 0,20 \u20ac\/ kwh x 900 watt \/1000 = 0,18 Euro \/ heure<br \/>\nThermoglance 600 x 1500 de 900 watt co\u00fbte 0,18 Euro pour chaque heure de fonctionnement.[\/vc_toggle][vc_toggle title=&#8221;Peut-on l\u2019installer dans la salle de bains pr\u00e8s de la douche?&#8221;]Thermoglance est tr\u00e8s utile dans la salle de bains&#8230;<\/p>\n<p>&#8230;il suffit de respecter les r\u00e8gles qui stabilisent la distance minimum entre celui-ci et les sources d\u2019eau, la douche ou la baignoire.[\/vc_toggle][vc_toggle title=&#8221;Peut-on poser du linge ou des serviettes directement sur les radiateurs \u00e9lectriques?&#8221;]Thermoglance dispose de portes-serviettes pratiques pour pouvoir poser serviettes ou v\u00eatements divers.<\/p>\n<p>Il n\u2019est pas possible de couvrir ou poser du linge ou des serviettes directement sur les radiateurs \u00e9lectriques car cela causerait des surchauffes pouvant provoquer des dommages et la rupture du radiateur.<br \/>\nTout radiateur est pourvu de la mention ATTENTION: NE PAS COUVRIR[\/vc_toggle][vc_toggle title=&#8221;Quelle temp\u00e9rature maximum atteint-il?&#8221;]Durant le fonctionnement Thermoglance atteint environ 75\u00b0 C.<\/p>\n<p>m\u00eame si cette temp\u00e9rature peut sembler \u00e9lev\u00e9e le verre \u00e9tant un isolant il ne d\u00e9gage pas de chaleur imm\u00e9diate et il est donc possible de toucher le radiateur sans danger.<br \/>\nC\u2019est le verre qui fait la diff\u00e9rence.[\/vc_toggle][vc_toggle title=&#8221;Est-ce qu\u2019il \u00e9met des ondes \u00e9lectromagn\u00e9tiques?&#8221;]Le circuit \u00e9lectrique de Thermoglance \u00e9met des ondes \u00e9lectromagn\u00e9tiques &#8230;<\/p>\n<p>&#8230;comparables \u00e0 celles de tout autre appareil \u00e9lectrom\u00e9nager que vous avez chez vous.[\/vc_toggle][vc_toggle title=&#8221;Qu\u2019est ce que le verre se brise?&#8221;]Le fait que nous avons deux plaques stratifi\u00e9es.<\/p>\n<p>m\u00eame si le verre se brise, il reste intact, sans miettes et sans risque de choc \u00e9lectrique.[\/vc_toggle][vc_toggle title=&#8221;Est-ce un produit s\u00fbr?&#8221;]Thermoglance a pass\u00e9 tous les tests et a obtenu les certificats &#8230;<\/p>\n<p>&#8230;des Organismes les plus importants qui confirment la parfaite s\u00e9curit\u00e9 du produit et le parfait respect des normes.[\/vc_toggle][vc_toggle title=&#8221;Combien de temps dure-t-il?&#8221;]Thermoglance n\u2019a pas de pi\u00e8ces en mouvement qui peuvent s\u2019user et donc aucun entretien n\u00e9cessaire.<\/p>\n<p>Thermoglance n\u2019a pas de pi\u00e8ces en mouvement qui peuvent s\u2019user et donc aucun entretien n\u00e9cessaire. La basse temp\u00e9rature de fonctionnement offre une dur\u00e9e pratiquement illimit\u00e9e.[\/vc_toggle][vc_toggle title=&#8221;Est-il facile \u00e0 installer?&#8221;]Thermoglance est un appareil \u201cplug &amp; play\u201d, il peut \u00eatre facilement fix\u00e9 au mur ou au sol&#8230;<\/p>\n<p>&#8230;une fois install\u00e9 vous pouvez le brancher \u00e0 une prise \u00e9lectrique normale et il fonctionne tout de suite.<br \/>\nChaque radiateur est pourvu d\u2019un manuel multilingue contenant des explications claires pour l\u2019utilisation et le montage.[\/vc_toggle][vc_toggle title=&#8221;Pourquoi est-ce que thermoglance est \u00e9conomiquement avantageux?&#8221;]<\/p>\n<ul>\n<li>Dans les p\u00e9riodes de demi-saison et d\u00e8s que n\u00e9cessaire, il est possible de chauffer la salle de bains en quelques minutes sans allumer l\u2019installation centrale, ou bien cr\u00e9er des \u201c\u00eeles de chaleur\u201d dans la maison.<\/li>\n<li>Le chauffage par rayonnement par rapport \u00e0 un syst\u00e8me traditionnel, permet une \u00e9conomie d\u2019\u00e9nergie due au fait qu\u2019avec une temp\u00e9rature ambiante inf\u00e9rieure \u00e0 3\u00b0 C, on a la m\u00eame sensation de chaleur.<br \/>\nChaque degr\u00e9 centigrade correspond \u00e0 environ 5 % de la consommation; donc une \u00e9conomie de 15%.<\/li>\n<li>Thermoglance a une efficacit\u00e9 proche de 99% et consomme donc seulement le n\u00e9cessaire pour obtenir la temp\u00e9rature d\u00e9sir\u00e9e. Le syst\u00e8me traditionnel \u00e0 combustion ne d\u00e9passe pas 80%.<\/li>\n<li>Thermoglance n\u2019a besoin d\u2019aucun entretien et contr\u00f4le p\u00e9riodique.<\/li>\n<li>Il est possible d\u2019utiliser l\u2019\u00e9nergie provenant de sources renouvelables comme les panneaux photovolta\u00efques.<\/li>\n<li>Le co\u00fbt d\u2019une installation \u00e9lectrique est approximativement \u00bc par rapport \u00e0 l\u2019installation hydraulique \u00e9quivalente.<\/li>\n<li>Au final il est \u00e9vident que c\u2019est un r\u00e9el avantage.<\/li>\n<\/ul>\n<p>[\/vc_toggle][\/vc_column][\/vc_row]<\/p>\n<\/div>","protected":false},"excerpt":{"rendered":"<p>[vc_row full_width=&#8221;stretch_row&#8221;][vc_column][vc_custom_heading text=&#8221;Questions fr\u00e9quentes&#8221; font_container=&#8221;tag:p|font_size:46px|text_align:left|color:%23202020|line_height:46px&#8221; use_theme_fonts=&#8221;yes&#8221; el_class=&#8221;titolointerno&#8221;][vc_toggle title=&#8221;Comment est-il fait et comment fonctionne-t-il?&#8221;]Thermoglance est un radiateur \u00e9lectrique en verre transparent qui fonctionne par rayonnement. Il est constitu\u00e9 de deux plaques de verre thermiquement trait\u00e9es et stratifi\u00e9es, avec une technologie Laser particuli\u00e8re on obtient la r\u00e9sistance transparente qui se r\u00e9chauffe avec le courant \u00e9lectrique. L\u2019appareil se [&hellip;]<\/p>\n","protected":false},"author":1,"featured_media":0,"parent":0,"menu_order":0,"comment_status":"closed","ping_status":"closed","template":"","meta":{"footnotes":""},"class_list":["post-20019","page","type-page","status-publish","hentry"],"_links":{"self":[{"href":"https:\/\/www.thermoglance.com\/fr\/wp-json\/wp\/v2\/pages\/20019","targetHints":{"allow":["GET"]}}],"collection":[{"href":"https:\/\/www.thermoglance.com\/fr\/wp-json\/wp\/v2\/pages"}],"about":[{"href":"https:\/\/www.thermoglance.com\/fr\/wp-json\/wp\/v2\/types\/page"}],"author":[{"embeddable":true,"href":"https:\/\/www.thermoglance.com\/fr\/wp-json\/wp\/v2\/users\/1"}],"replies":[{"embeddable":true,"href":"https:\/\/www.thermoglance.com\/fr\/wp-json\/wp\/v2\/comments?post=20019"}],"version-history":[{"count":6,"href":"https:\/\/www.thermoglance.com\/fr\/wp-json\/wp\/v2\/pages\/20019\/revisions"}],"predecessor-version":[{"id":20024,"href":"https:\/\/www.thermoglance.com\/fr\/wp-json\/wp\/v2\/pages\/20019\/revisions\/20024"}],"wp:attachment":[{"href":"https:\/\/www.thermoglance.com\/fr\/wp-json\/wp\/v2\/media?parent=20019"}],"curies":[{"name":"wp","href":"https:\/\/api.w.org\/{rel}","templated":true}]}}