{"id":20027,"date":"2021-10-27T10:11:43","date_gmt":"2021-10-27T08:11:43","guid":{"rendered":"https:\/\/thermoglance.molluscobalena.eu\/?page_id=20027"},"modified":"2025-04-24T12:29:02","modified_gmt":"2025-04-24T10:29:02","slug":"pagamenti","status":"publish","type":"page","link":"https:\/\/www.thermoglance.com\/fr\/pagamenti\/","title":{"rendered":"Paiements"},"content":{"rendered":"<div class=\"wpb-content-wrapper\"><p>[vc_row full_width=&#8221;stretch_row&#8221; css=&#8221;.vc_custom_1581385139807{margin-top: 15px !important;margin-bottom: 15px !important;}&#8221;][vc_column][vc_custom_heading text=&#8221;Paiements&#8221; font_container=&#8221;tag:p|font_size:46px|text_align:left|color:%23202020|line_height:46px&#8221; use_theme_fonts=&#8221;yes&#8221; css=&#8221;&#8221; el_class=&#8221;titolointerno&#8221;][vc_column_text css=&#8221;&#8221;]<strong>Virement bancaire<\/strong><\/p>\n<p>Le paiement doit \u00eatre effectu\u00e9 dans les cinq jours ouvrables suivant la r\u00e9ception de l&#8217;offre\/proforma. En cas de non-respect de ce d\u00e9lai, l&#8217;offre\/proforma sera automatiquement annul\u00e9e, sans autre communication de la part d&#8217;Asola Vetro.[\/vc_column_text][\/vc_column][\/vc_row]<\/p>\n<\/div>","protected":false},"excerpt":{"rendered":"<p>[vc_row full_width=&#8221;stretch_row&#8221; css=&#8221;.vc_custom_1581385139807{margin-top: 15px !important;margin-bottom: 15px !important;}&#8221;][vc_column][vc_custom_heading text=&#8221;Paiements&#8221; font_container=&#8221;tag:p|font_size:46px|text_align:left|color:%23202020|line_height:46px&#8221; use_theme_fonts=&#8221;yes&#8221; css=&#8221;&#8221; el_class=&#8221;titolointerno&#8221;][vc_column_text css=&#8221;&#8221;]Virement bancaire Le paiement doit \u00eatre effectu\u00e9 dans les cinq jours ouvrables suivant la r\u00e9ception de l&#8217;offre\/proforma. En cas de non-respect de ce d\u00e9lai, l&#8217;offre\/proforma sera automatiquement annul\u00e9e, sans autre communication de la part d&#8217;Asola Vetro.[\/vc_column_text][\/vc_column][\/vc_row]<\/p>\n","protected":false},"author":1,"featured_media":0,"parent":0,"menu_order":0,"comment_status":"closed","ping_status":"closed","template":"","meta":{"footnotes":""},"class_list":["post-20027","page","type-page","status-publish","hentry"],"_links":{"self":[{"href":"https:\/\/www.thermoglance.com\/fr\/wp-json\/wp\/v2\/pages\/20027","targetHints":{"allow":["GET"]}}],"collection":[{"href":"https:\/\/www.thermoglance.com\/fr\/wp-json\/wp\/v2\/pages"}],"about":[{"href":"https:\/\/www.thermoglance.com\/fr\/wp-json\/wp\/v2\/types\/page"}],"author":[{"embeddable":true,"href":"https:\/\/www.thermoglance.com\/fr\/wp-json\/wp\/v2\/users\/1"}],"replies":[{"embeddable":true,"href":"https:\/\/www.thermoglance.com\/fr\/wp-json\/wp\/v2\/comments?post=20027"}],"version-history":[{"count":8,"href":"https:\/\/www.thermoglance.com\/fr\/wp-json\/wp\/v2\/pages\/20027\/revisions"}],"predecessor-version":[{"id":21221,"href":"https:\/\/www.thermoglance.com\/fr\/wp-json\/wp\/v2\/pages\/20027\/revisions\/21221"}],"wp:attachment":[{"href":"https:\/\/www.thermoglance.com\/fr\/wp-json\/wp\/v2\/media?parent=20027"}],"curies":[{"name":"wp","href":"https:\/\/api.w.org\/{rel}","templated":true}]}}