{"id":20033,"date":"2021-10-27T10:16:50","date_gmt":"2021-10-27T08:16:50","guid":{"rendered":"https:\/\/thermoglance.molluscobalena.eu\/?page_id=20033"},"modified":"2025-04-24T12:37:41","modified_gmt":"2025-04-24T10:37:41","slug":"frais-et-delais-dexpedition","status":"publish","type":"page","link":"https:\/\/www.thermoglance.com\/fr\/frais-et-delais-dexpedition\/","title":{"rendered":"Frais et d\u00e9lais d\u2019exp\u00e9dition"},"content":{"rendered":"<div class=\"wpb-content-wrapper\"><p>[vc_row full_width=&#8221;stretch_row&#8221; css=&#8221;.vc_custom_1745491059323{margin-top: 15px !important;margin-bottom: 0px !important;}&#8221;][vc_column][vc_custom_heading text=&#8221;Frais et d\u00e9lais d\u2019exp\u00e9dition&#8221; font_container=&#8221;tag:p|font_size:46px|text_align:left|color:%23202020|line_height:46px&#8221; use_theme_fonts=&#8221;yes&#8221; el_class=&#8221;titolointerno&#8221;][vc_column_text css=&#8221;&#8221;]Les frais de port seront indiqu\u00e9s dans l&#8217;offre\/proforma. Le d\u00e9lai de traitement des commandes est en moyenne de 10 jours apr\u00e8s r\u00e9ception du paiement.[\/vc_column_text][vc_message message_box_color=&#8221;alert-warning&#8221; css=&#8221;&#8221; el_class=&#8221;nascosto&#8221;]<strong>Pour exp\u00e9dier dans un pays non indiqu\u00e9 dans la liste ci-dessous, veuillez demander \u00e0 notre service client.<\/strong>[\/vc_message][\/vc_column][\/vc_row][vc_row content_placement=&#8221;middle&#8221; disable_element=&#8221;yes&#8221; css=&#8221;.vc_custom_1745491023756{margin-right: 0px !important;margin-bottom: 40px !important;margin-left: 0px !important;padding-top: 20px !important;padding-bottom: 20px !important;background-color: #f7f7f7 !important;}&#8221;][vc_column width=&#8221;1\/4&#8243;][vc_column_text css=&#8221;.vc_custom_1635322682862{margin-bottom: 0px !important;}&#8221;]<\/p>\n<h5 style=\"font-weight: 500; font-size: 16px;\">ITALIE (y compris les \u00eeles)<\/h5>\n<p>[\/vc_column_text][\/vc_column][vc_column width=&#8221;3\/4&#8243;][vc_column_text css=&#8221;.vc_custom_1694008721147{margin-bottom: 0px !important;}&#8221;]<\/p>\n<ul>\n<li>Frais de port par radiateur 107,00 Euro (TVA incluse)<\/li>\n<li>Economy Express \u2013 2\/3 jours.<\/li>\n<\/ul>\n<p>[\/vc_column_text][\/vc_column][\/vc_row][vc_row content_placement=&#8221;middle&#8221; disable_element=&#8221;yes&#8221; css=&#8221;.vc_custom_1745491019073{margin-right: 0px !important;margin-bottom: 40px !important;margin-left: 0px !important;padding-top: 20px !important;padding-bottom: 20px !important;background-color: #f7f7f7 !important;}&#8221;][vc_column width=&#8221;1\/4&#8243;][vc_column_text css=&#8221;.vc_custom_1630052331118{margin-bottom: 0px !important;}&#8221;]<\/p>\n<h5 style=\"font-weight: 500; font-size: 16px;\">EUROPE ZONE 1<\/h5>\n<p>[\/vc_column_text][\/vc_column][vc_column width=&#8221;3\/4&#8243;][vc_column_text css=&#8221;.vc_custom_1694008741858{margin-bottom: 0px !important;}&#8221;]<strong>Autrice, France, Monaco, Allemagne, Slov\u00e8nie<br \/>\n<\/strong><\/p>\n<ul>\n<li>Frais de port par radiateur 195,00 Euro (TVA incluse)<\/li>\n<li>Economy Express &#8211; 2\/4 jours.<\/li>\n<\/ul>\n<p>[\/vc_column_text][\/vc_column][\/vc_row][vc_row content_placement=&#8221;middle&#8221; disable_element=&#8221;yes&#8221; css=&#8221;.vc_custom_1745491010793{margin-right: 0px !important;margin-bottom: 40px !important;margin-left: 0px !important;padding-top: 20px !important;padding-bottom: 20px !important;background-color: #f7f7f7 !important;}&#8221;][vc_column width=&#8221;1\/4&#8243;][vc_column_text css=&#8221;.vc_custom_1630052402909{margin-bottom: 0px !important;}&#8221;]<\/p>\n<h5 style=\"font-weight: 500; font-size: 16px;\">EUROPE ZONE 2<\/h5>\n<p>[\/vc_column_text][\/vc_column][vc_column width=&#8221;3\/4&#8243;][vc_column_text css=&#8221;.vc_custom_1694008763571{margin-bottom: 0px !important;}&#8221;]<strong>Belgique, Hollande, Luxembourg, Portugal, Espagne, Suisse<br \/>\n<\/strong><\/p>\n<ul>\n<li>Frais de port par radiateur 260,00 Euro (TVA incluse)<\/li>\n<li>Economy Express &#8211; 2\/4 jours.<\/li>\n<\/ul>\n<p>[\/vc_column_text][\/vc_column][\/vc_row][vc_row content_placement=&#8221;middle&#8221; disable_element=&#8221;yes&#8221; css=&#8221;.vc_custom_1745491005649{margin-right: 0px !important;margin-bottom: 40px !important;margin-left: 0px !important;padding-top: 20px !important;padding-bottom: 20px !important;background-color: #f7f7f7 !important;}&#8221;][vc_column width=&#8221;1\/4&#8243;][vc_column_text css=&#8221;.vc_custom_1630052441333{margin-bottom: 0px !important;}&#8221;]<\/p>\n<h5 style=\"font-weight: 500; font-size: 16px;\">EUROPE ZONE 3<\/h5>\n<p>[\/vc_column_text][\/vc_column][vc_column width=&#8221;3\/4&#8243;][vc_column_text css=&#8221;.vc_custom_1694008789498{margin-bottom: 0px !important;}&#8221;]<strong>Bulgarie, Polone, Rep. Tch\u00e8que, Roumanie, Slovaquie, Hongrie<br \/>\n<\/strong><\/p>\n<ul>\n<li>Frais de port par radiateur 275,00 Euro (TVA incluse)<\/li>\n<li>Economy Express &#8211; 3\/6 jours.<\/li>\n<\/ul>\n<p>[\/vc_column_text][\/vc_column][\/vc_row][vc_row content_placement=&#8221;middle&#8221; disable_element=&#8221;yes&#8221; css=&#8221;.vc_custom_1745491001217{margin-right: 0px !important;margin-left: 0px !important;padding-top: 20px !important;padding-bottom: 20px !important;background-color: #f7f7f7 !important;}&#8221;][vc_column width=&#8221;1\/4&#8243;][vc_column_text css=&#8221;.vc_custom_1630052468390{margin-bottom: 0px !important;}&#8221;]<\/p>\n<h5 style=\"font-weight: 500; font-size: 16px;\">EUROPE ZONE 4<\/h5>\n<p>[\/vc_column_text][\/vc_column][vc_column width=&#8221;3\/4&#8243;][vc_column_text css=&#8221;.vc_custom_1694008816010{margin-bottom: 0px !important;}&#8221;]<strong>Chypre, Croatie, Danemark, Estonie, Finlande, Gr\u00e8ce, Irlande, Lituanie, Lituania, Malte, Su\u00e8de, Norv\u00e8ge, Turquie<\/strong><\/p>\n<ul>\n<li>Frais de port par radiateur 275,00 Euro (TVA incluse)<\/li>\n<li>Economy Express \u2013 3\/7 jours.<\/li>\n<\/ul>\n<p>[\/vc_column_text][\/vc_column][\/vc_row][vc_row full_width=&#8221;stretch_row&#8221; css=&#8221;.vc_custom_1745490996490{margin-top: 0px !important;margin-bottom: 15px !important;}&#8221;][vc_column][vc_column_text css=&#8221;&#8221;]Tous nos articles sont emball\u00e9s dans un conditionnement appropri\u00e9 pour \u00eatre transport\u00e9 avec un courrier express, et sont toujours exp\u00e9di\u00e9s avec une assurance.<\/p>\n<p>Au moment de la r\u00e9ception de la commande, nous vous invitons \u00e0 contr\u00f4ler :<\/p>\n<ul>\n<li>que le nombre de colis indiqu\u00e9 sur le bordereau de transport est effectivement celui qui a \u00e9t\u00e9 livr\u00e9 ;<\/li>\n<li>que le paquet est intact ; les \u00e9ventuelles contestations sont signal\u00e9es au transporteur en indiquant sur le bordereau de transport que vous signez pour le retrait, la mention \u00ab Retir\u00e9 avec r\u00e9serve de \u00bb, si ce n\u2019est pas le cas, le paquet est consid\u00e9r\u00e9 comme livr\u00e9 correctement.<\/li>\n<li>avant de prendre possession de la marchandise, s\u2019assurer que le paquet n\u2019a pas subi de dommages ou de ruptures durant le transport.<\/li>\n<\/ul>\n<p>Asola Vetro Srl ne r\u00e9pond pas des \u00e9ventuels retards imputables au transporteur. Frais d\u2019exp\u00e9dition contr\u00f4le pour le radiateur[\/vc_column_text][\/vc_column][\/vc_row]<\/p>\n<\/div>","protected":false},"excerpt":{"rendered":"<p>[vc_row full_width=&#8221;stretch_row&#8221; css=&#8221;.vc_custom_1745491059323{margin-top: 15px !important;margin-bottom: 0px !important;}&#8221;][vc_column][vc_custom_heading text=&#8221;Frais et d\u00e9lais d\u2019exp\u00e9dition&#8221; font_container=&#8221;tag:p|font_size:46px|text_align:left|color:%23202020|line_height:46px&#8221; use_theme_fonts=&#8221;yes&#8221; el_class=&#8221;titolointerno&#8221;][vc_column_text css=&#8221;&#8221;]Les frais de port seront indiqu\u00e9s dans l&#8217;offre\/proforma. Le d\u00e9lai de traitement des commandes est en moyenne de 10 jours apr\u00e8s r\u00e9ception du paiement.[\/vc_column_text][vc_message message_box_color=&#8221;alert-warning&#8221; css=&#8221;&#8221; el_class=&#8221;nascosto&#8221;]Pour exp\u00e9dier dans un pays non indiqu\u00e9 dans la liste ci-dessous, veuillez demander \u00e0 notre [&hellip;]<\/p>\n","protected":false},"author":1,"featured_media":0,"parent":0,"menu_order":0,"comment_status":"closed","ping_status":"closed","template":"","meta":{"footnotes":""},"class_list":["post-20033","page","type-page","status-publish","hentry"],"_links":{"self":[{"href":"https:\/\/www.thermoglance.com\/fr\/wp-json\/wp\/v2\/pages\/20033","targetHints":{"allow":["GET"]}}],"collection":[{"href":"https:\/\/www.thermoglance.com\/fr\/wp-json\/wp\/v2\/pages"}],"about":[{"href":"https:\/\/www.thermoglance.com\/fr\/wp-json\/wp\/v2\/types\/page"}],"author":[{"embeddable":true,"href":"https:\/\/www.thermoglance.com\/fr\/wp-json\/wp\/v2\/users\/1"}],"replies":[{"embeddable":true,"href":"https:\/\/www.thermoglance.com\/fr\/wp-json\/wp\/v2\/comments?post=20033"}],"version-history":[{"count":20,"href":"https:\/\/www.thermoglance.com\/fr\/wp-json\/wp\/v2\/pages\/20033\/revisions"}],"predecessor-version":[{"id":21228,"href":"https:\/\/www.thermoglance.com\/fr\/wp-json\/wp\/v2\/pages\/20033\/revisions\/21228"}],"wp:attachment":[{"href":"https:\/\/www.thermoglance.com\/fr\/wp-json\/wp\/v2\/media?parent=20033"}],"curies":[{"name":"wp","href":"https:\/\/api.w.org\/{rel}","templated":true}]}}