{"id":20050,"date":"2021-10-27T10:45:00","date_gmt":"2021-10-27T08:45:00","guid":{"rendered":"https:\/\/thermoglance.molluscobalena.eu\/?page_id=20050"},"modified":"2021-10-27T10:45:24","modified_gmt":"2021-10-27T08:45:24","slug":"garanzia","status":"publish","type":"page","link":"https:\/\/www.thermoglance.com\/fr\/garanzia\/","title":{"rendered":"Garantie"},"content":{"rendered":"<div class=\"wpb-content-wrapper\"><p>[vc_row full_width=&#8221;stretch_row&#8221; css=&#8221;.vc_custom_1581385139807{margin-top: 15px !important;margin-bottom: 15px !important;}&#8221;][vc_column][vc_custom_heading text=&#8221;Garantie&#8221; font_container=&#8221;tag:p|font_size:46px|text_align:left|color:%23202020|line_height:46px&#8221; use_theme_fonts=&#8221;yes&#8221; el_class=&#8221;titolointerno&#8221;][vc_custom_heading text=&#8221;Dur\u00e9e et d\u00e9but de la GARANTIE&#8221; font_container=&#8221;tag:p|font_size:28px|text_align:left|color:%23202020&#8243; use_theme_fonts=&#8221;yes&#8221; css=&#8221;.vc_custom_1635324167333{margin-bottom: 20px !important;}&#8221;][vc_column_text]La GARANTIE est valable 24 mois \u00e0 partir de la date d\u2019achat aupr\u00e8s du REVENDEUR de la part du consommateur final (ACQUEREUR). La date d\u2019achat, en cas de demande d\u2019intervention pendant la garantie, devra \u00eatre prouv\u00e9e par un document fiscal valide.<br \/>\nDans les 15 jours de la date d\u2019achat, remplir comme requis les parties A et B, et envoyer la partie B au PRODUCTEUR.[\/vc_column_text][vc_custom_heading text=&#8221;2. Contenu et extension de la GARANTIE&#8221; font_container=&#8221;tag:p|font_size:28px|text_align:left|color:%23202020&#8243; use_theme_fonts=&#8221;yes&#8221; css=&#8221;.vc_custom_1635324187386{margin-bottom: 20px !important;}&#8221;][vc_column_text]Durant la p\u00e9riode de GARANTIE, les d\u00e9fauts de fabrication reconnus par le PRODUCTEUR seront \u00e9limin\u00e9s apr\u00e8s r\u00e9paration et\/ou remplacement des parties d\u00e9fectueuses. Dans ce cas, ne resteront \u00e0 la charge du PRODUCTEUR que les co\u00fbts des parties et des pi\u00e8ces de rechange; les d\u00e9penses et les risques de transport, les frais de main-d\u2019\u0153uvre et d\u2019enl\u00e8vement et r\u00e9installation de l\u2019 APPAREIL seront enti\u00e8rement \u00e0 la charge de l\u2019ACQUEREUR.<br \/>\nToute demande de d\u00e9dommagement \u00e9ventuelle de la part de l\u2019ACQUEREUR sera reconnue exclusivement dans le cas o\u00f9 des responsabilit\u00e9s objectives seront attribu\u00e9es au PRODUCTEUR.<br \/>\nD\u2019\u00e9ventuels dommages caus\u00e9s \u00e0 des choses, \u00e0 des animaux et\/o\u00f9 \u00e0 des personnes, rapportables \u00e0 un usage impropre de l\u2019APPAREIL, sont express\u00e9ment exclus de la GARANTIE.<br \/>\nAu cas o\u00f9 le Producteur apporterait des modifications et\/o\u00f9 des am\u00e9liorations durant la GARANTIE \u00e0 des APPAREILS d\u00e9fectueux,; il n\u2019en serait pas pour autant oblig\u00e9 d\u2019intervenir sur les APPAREILS achet\u00e9s pr\u00e9c\u00e9demment qui fonctionnent de mani\u00e8re r\u00e9guli\u00e8re durant la p\u00e9riode de garantie ; \u00e0 moins qu\u2019il ne soit d\u00e9montr\u00e9 qu\u2019une utilisation correcte de ses appareils r\u00e9sulte en mesure de compromettre gravement la sant\u00e9 de ceux qui les utilisent et\/o\u00f9 l\u2019int\u00e9grit\u00e9 de l\u2019immeuble o\u00f9 ils sont install\u00e9s.<br \/>\n[\/vc_column_text][vc_custom_heading text=&#8221;3. Conditions pour la validit\u00e9 de la GARANTIE&#8221; font_container=&#8221;tag:p|font_size:28px|text_align:left|color:%23202020&#8243; use_theme_fonts=&#8221;yes&#8221; css=&#8221;.vc_custom_1635324208969{margin-bottom: 20px !important;}&#8221;][vc_column_text]La GARANTIE sera valable \u00e0 condition que:<\/p>\n<p>a) D\u2019\u00e9ventuels mauvais fonctionnements de l\u2019APPAREIL soient signal\u00e9s en temps utile par l\u2019ACQUEREUR au PRODUCTEUR par \u00e9crit, avant 5 (cinq) jours imp\u00e9rativement apr\u00e8s leur v\u00e9rification;<br \/>\nb) la plaque des donn\u00e9es appos\u00e9e sur l\u2019 APPAREIL r\u00e9sulte int\u00e8gre et lisible;<br \/>\nc) les cachets de garantie et le num\u00e9ro de s\u00e9rie n\u2019aient pas \u00e9t\u00e9 alt\u00e9r\u00e9s ou enlev\u00e9s;<br \/>\nd) qu\u2019on ait v\u00e9rifi\u00e9 auparavant les caract\u00e9ristiques \u00e9lectriques de l\u2019installation externe n\u00e9cessaires et qu\u2019on ait pris les pr\u00e9cautions n\u00e9cessaires et opportunes pour l\u2019installation et l\u2019utilisation de l\u2019 APPAREIL, dans le respect des normes contre les accidents du travail;<br \/>\ne) la partie B du pr\u00e9sent certificat, d\u00fbment remplie, soit envoy\u00e9e en temps utile (voir pr\u00e9c\u00e9demment point 1.) au PRODUCTEUR \u00e0 l\u2019occasion de l\u2019achat de l\u2019APPAREIL.[\/vc_column_text][vc_custom_heading text=&#8221;4. Limitations&#8221; font_container=&#8221;tag:p|font_size:28px|text_align:left|color:%23202020&#8243; use_theme_fonts=&#8221;yes&#8221; css=&#8221;.vc_custom_1635324265563{margin-bottom: 20px !important;}&#8221;][vc_column_text]La GARANTIE est valable exclusivement dans les Pays o\u00f9 l\u2019APPAREIL est homologu\u00e9.<br \/>\nLa GARANTIE est valable exclusivement pour l\u2019acheteur d\u2019origine et n\u2019est pas transf\u00e9rable.<br \/>\nLes dommages qui ne sont pas directement imputables \u00e0 l\u2019APPAREIL, et qui sont dus \u00e0 des facteurs externes ne sont pas couverts par la garantie, comme par exemple:<\/p>\n<ul>\n<li>des causes accidentelles, des calamit\u00e9s naturelles, des surtensions du r\u00e9seau \u00e9lectrique;<\/li>\n<li>des accidents (chutes, coups, chocs, etc. ..) subis pendant le transport ou la livraison de l\u2019APPAREIL;<\/li>\n<li>manipulations, modifications ou tentatives de r\u00e9paration de l\u2019APPAREIL non autoris\u00e9s par le PRODUCTEUR.<\/li>\n<li>incurie, n\u00e9gligence de l\u2019ACQUEREUR;<\/li>\n<li>tout usage impropre de l\u2019APPAREIL.<\/li>\n<\/ul>\n<p>[\/vc_column_text][\/vc_column][\/vc_row]<\/p>\n<\/div>","protected":false},"excerpt":{"rendered":"<p>[vc_row full_width=&#8221;stretch_row&#8221; css=&#8221;.vc_custom_1581385139807{margin-top: 15px !important;margin-bottom: 15px !important;}&#8221;][vc_column][vc_custom_heading text=&#8221;Garantie&#8221; font_container=&#8221;tag:p|font_size:46px|text_align:left|color:%23202020|line_height:46px&#8221; use_theme_fonts=&#8221;yes&#8221; el_class=&#8221;titolointerno&#8221;][vc_custom_heading text=&#8221;Dur\u00e9e et d\u00e9but de la GARANTIE&#8221; font_container=&#8221;tag:p|font_size:28px|text_align:left|color:%23202020&#8243; use_theme_fonts=&#8221;yes&#8221; css=&#8221;.vc_custom_1635324167333{margin-bottom: 20px !important;}&#8221;][vc_column_text]La GARANTIE est valable 24 mois \u00e0 partir de la date d\u2019achat aupr\u00e8s du REVENDEUR de la part du consommateur final (ACQUEREUR). La date d\u2019achat, en cas de demande d\u2019intervention pendant la garantie, devra [&hellip;]<\/p>\n","protected":false},"author":1,"featured_media":0,"parent":0,"menu_order":0,"comment_status":"closed","ping_status":"closed","template":"","meta":{"footnotes":""},"class_list":["post-20050","page","type-page","status-publish","hentry"],"_links":{"self":[{"href":"https:\/\/www.thermoglance.com\/fr\/wp-json\/wp\/v2\/pages\/20050","targetHints":{"allow":["GET"]}}],"collection":[{"href":"https:\/\/www.thermoglance.com\/fr\/wp-json\/wp\/v2\/pages"}],"about":[{"href":"https:\/\/www.thermoglance.com\/fr\/wp-json\/wp\/v2\/types\/page"}],"author":[{"embeddable":true,"href":"https:\/\/www.thermoglance.com\/fr\/wp-json\/wp\/v2\/users\/1"}],"replies":[{"embeddable":true,"href":"https:\/\/www.thermoglance.com\/fr\/wp-json\/wp\/v2\/comments?post=20050"}],"version-history":[{"count":3,"href":"https:\/\/www.thermoglance.com\/fr\/wp-json\/wp\/v2\/pages\/20050\/revisions"}],"predecessor-version":[{"id":20053,"href":"https:\/\/www.thermoglance.com\/fr\/wp-json\/wp\/v2\/pages\/20050\/revisions\/20053"}],"wp:attachment":[{"href":"https:\/\/www.thermoglance.com\/fr\/wp-json\/wp\/v2\/media?parent=20050"}],"curies":[{"name":"wp","href":"https:\/\/api.w.org\/{rel}","templated":true}]}}